{"id":29273,"date":"2024-08-13T22:54:25","date_gmt":"2024-08-14T04:54:25","guid":{"rendered":"https:\/\/suacero.com\/?page_id=29273"},"modified":"2025-04-22T11:52:06","modified_gmt":"2025-04-22T16:52:06","slug":"nosotros","status":"publish","type":"page","link":"https:\/\/suacero.com\/en\/nosotros\/","title":{"rendered":"Nosotros"},"content":{"rendered":"<div data-elementor-type=\"wp-page\" data-elementor-id=\"29273\" class=\"elementor elementor-29273\" data-elementor-post-type=\"page\">\n\t\t\t\t<div class=\"elementor-element elementor-element-490a6d4 e-con-full e-flex e-con e-parent\" data-id=\"490a6d4\" data-element_type=\"container\" data-e-type=\"container\">\n\t\t\t\t<\/div>\n\t\t<div class=\"elementor-element elementor-element-7d7a830 e-flex e-con-boxed e-con e-parent\" data-id=\"7d7a830\" data-element_type=\"container\" data-e-type=\"container\" data-settings=\"{&quot;background_background&quot;:&quot;classic&quot;}\">\n\t\t\t\t\t<div class=\"e-con-inner\">\n\t\t<div class=\"elementor-element elementor-element-e2268df e-con-full e-flex e-con e-child\" data-id=\"e2268df\" data-element_type=\"container\" data-e-type=\"container\">\n\t\t\t\t<\/div>\n\t\t\t\t\t<\/div>\n\t\t\t\t<\/div>\n\t\t<div class=\"elementor-element elementor-element-d732a03 e-flex e-con-boxed e-con e-parent\" data-id=\"d732a03\" data-element_type=\"container\" data-e-type=\"container\">\n\t\t\t\t\t<div class=\"e-con-inner\">\n\t\t<div class=\"elementor-element elementor-element-c978fec e-flex e-con-boxed e-con e-child\" data-id=\"c978fec\" data-element_type=\"container\" data-e-type=\"container\">\n\t\t\t\t\t<div class=\"e-con-inner\">\n\t\t<div class=\"elementor-element elementor-element-9691ee4 e-con-full e-flex e-con e-child\" data-id=\"9691ee4\" data-element_type=\"container\" data-e-type=\"container\">\n\t\t\t\t<div class=\"elementor-element elementor-element-25039e8 elementor-widget elementor-widget-text-editor\" data-id=\"25039e8\" data-element_type=\"widget\" data-e-type=\"widget\" data-widget_type=\"text-editor.default\">\n\t\t\t\t<div class=\"elementor-widget-container\">\n\t\t\t\t\t\t\t\t\t<p>\u00bfQui\u00e9nes Somos?<\/p>\t\t\t\t\t\t\t\t<\/div>\n\t\t\t\t<\/div>\n\t\t\t\t<div class=\"elementor-element elementor-element-697808c elementor-widget elementor-widget-text-editor\" data-id=\"697808c\" data-element_type=\"widget\" data-e-type=\"widget\" data-widget_type=\"text-editor.default\">\n\t\t\t\t<div class=\"elementor-widget-container\">\n\t\t\t\t\t\t\t\t\t<p><span style=\"font-weight: 400;\">Desde nuestra fundaci\u00f3n en septiembre de 1980, con un equipo inicial de 15 colaboradores y una producci\u00f3n anual de 900 toneladas, <\/span><b>hemos evolucionado hasta convertirnos en una comunidad de m\u00e1s de 550 familias.\u00a0<\/b><\/p><p><span style=\"font-weight: 400;\">Nuestra experiencia en los procesos de fundici\u00f3n y laminaci\u00f3n de acero nos permite ofrecer una amplia gama de productos, que incluye varilla corrugada, postes ganaderos, alambre recocido, alambre pulido, alambr\u00f3n y palanquilla.<\/span><\/p>\t\t\t\t\t\t\t\t<\/div>\n\t\t\t\t<\/div>\n\t\t\t\t<\/div>\n\t\t<div class=\"elementor-element elementor-element-e96e933 e-con-full e-flex e-con e-child\" data-id=\"e96e933\" data-element_type=\"container\" data-e-type=\"container\" data-settings=\"{&quot;background_background&quot;:&quot;classic&quot;}\">\n\t\t\t\t<\/div>\n\t\t\t\t\t<\/div>\n\t\t\t\t<\/div>\n\t\t\t\t\t<\/div>\n\t\t\t\t<\/div>\n\t\t<div class=\"elementor-element elementor-element-340fa9f e-grid e-con-full e-con e-parent\" data-id=\"340fa9f\" data-element_type=\"container\" data-e-type=\"container\" data-settings=\"{&quot;background_background&quot;:&quot;classic&quot;}\">\n\t\t<div class=\"elementor-element elementor-element-d2932be e-flex e-con-boxed e-con e-child\" data-id=\"d2932be\" data-element_type=\"container\" data-e-type=\"container\" data-settings=\"{&quot;background_background&quot;:&quot;classic&quot;}\">\n\t\t\t\t\t<div class=\"e-con-inner\">\n\t\t\t\t\t<\/div>\n\t\t\t\t<\/div>\n\t\t<div class=\"elementor-element elementor-element-ab56ba9 e-con-full e-flex e-con e-child\" data-id=\"ab56ba9\" data-element_type=\"container\" data-e-type=\"container\">\n\t\t\t\t<div class=\"elementor-element elementor-element-49fc887 elementor-widget__width-initial elementor-widget elementor-widget-text-editor\" data-id=\"49fc887\" data-element_type=\"widget\" data-e-type=\"widget\" data-widget_type=\"text-editor.default\">\n\t\t\t\t<div class=\"elementor-widget-container\">\n\t\t\t\t\t\t\t\t\t<p>Nuestro prop\u00f3sito<\/p>\t\t\t\t\t\t\t\t<\/div>\n\t\t\t\t<\/div>\n\t\t\t\t<div class=\"elementor-element elementor-element-a1c9c66 elementor-widget__width-initial elementor-widget elementor-widget-text-editor\" data-id=\"a1c9c66\" data-element_type=\"widget\" data-e-type=\"widget\" data-widget_type=\"text-editor.default\">\n\t\t\t\t<div class=\"elementor-widget-container\">\n\t\t\t\t\t\t\t\t\t<p class=\"p1\"><strong>Our purpose is forging a staff<\/strong> as resilient and tenacious as the steel we proudly manufacture; workers that make up the cornerstone of a profitable company in constant growth, capable of generating prosperity and well-being for all involved.<\/p>\t\t\t\t\t\t\t\t<\/div>\n\t\t\t\t<\/div>\n\t\t\t\t<div class=\"elementor-element elementor-element-073f2a1 elementor-widget elementor-widget-rs-button\" data-id=\"073f2a1\" data-element_type=\"widget\" data-e-type=\"widget\" data-widget_type=\"rs-button.default\">\n\t\t\t\t<div class=\"elementor-widget-container\">\n\t\t\t\t\t\t\t<div class=\"rs-button style1\">\r\n\t\t\t\t\t\t<a class=\"rs-btn\" href=\"https:\/\/suacero.com\/en\/filosofia\/\" >\t\r\n\t\t\t\t<span>Ir a Filosofia \r\n\t\t\t\t\t\t\t\t\t<em>\r\n\t\t\t\t\t\t<svg xmlns=\"http:\/\/www.w3.org\/2000\/svg\" width=\"23\" height=\"15\" viewbox=\"0 0 23 15\" fill=\"none\"><path fill-rule=\"evenodd\" clip-rule=\"evenodd\" d=\"M0 7.5C0 7.03976 0.367766 6.66667 0.821429 6.66667L20.1955 6.66667L15.0263 1.42259C14.7055 1.09715 14.7055 0.569515 15.0263 0.244079C15.3471 -0.0813589 15.8672 -0.0813589 16.188 0.244079L22.7594 6.91074C23.0802 7.23618 23.0802 7.76382 22.7594 8.08926L16.188 14.7559C15.8672 15.0814 15.3471 15.0814 15.0263 14.7559C14.7055 14.4305 14.7055 13.9028 15.0263 13.5774L20.1955 8.33333H0.821429C0.367766 8.33333 0 7.96024 0 7.5Z\" fill=\"#F7C600\"><\/path><\/svg>\t\t\t\t\t\t<svg xmlns=\"http:\/\/www.w3.org\/2000\/svg\" width=\"23\" height=\"15\" viewbox=\"0 0 23 15\" fill=\"none\"><path fill-rule=\"evenodd\" clip-rule=\"evenodd\" d=\"M0 7.5C0 7.03976 0.367766 6.66667 0.821429 6.66667L20.1955 6.66667L15.0263 1.42259C14.7055 1.09715 14.7055 0.569515 15.0263 0.244079C15.3471 -0.0813589 15.8672 -0.0813589 16.188 0.244079L22.7594 6.91074C23.0802 7.23618 23.0802 7.76382 22.7594 8.08926L16.188 14.7559C15.8672 15.0814 15.3471 15.0814 15.0263 14.7559C14.7055 14.4305 14.7055 13.9028 15.0263 13.5774L20.1955 8.33333H0.821429C0.367766 8.33333 0 7.96024 0 7.5Z\" fill=\"#F7C600\"><\/path><\/svg>\t\t\t\t\t<\/em>\t\r\n\t\t\t\t\t\t\t\t<\/span>\r\n\t\t\t<\/a>\r\n\t\t<\/div>\r\n\t\t\t\t<\/div>\n\t\t\t\t<\/div>\n\t\t\t\t<\/div>\n\t\t\t\t<\/div>\n\t\t\t\t<\/div>","protected":false},"excerpt":{"rendered":"<p>\u00bfQui\u00e9nes Somos? Desde nuestra fundaci\u00f3n en septiembre de 1980, con un equipo inicial de 15 colaboradores y una producci\u00f3n anual de 900 toneladas, hemos evolucionado hasta convertirnos en una comunidad de m\u00e1s de 550 familias.\u00a0 Nuestra experiencia en los procesos de fundici\u00f3n y laminaci\u00f3n de acero nos permite ofrecer una amplia gama de productos, que&#8230;<\/p>","protected":false},"author":1,"featured_media":0,"parent":0,"menu_order":0,"comment_status":"closed","ping_status":"closed","template":"elementor_header_footer","meta":{"_eb_attr":"","footnotes":""},"class_list":["post-29273","page","type-page","status-publish","hentry"],"_links":{"self":[{"href":"https:\/\/suacero.com\/en\/wp-json\/wp\/v2\/pages\/29273","targetHints":{"allow":["GET"]}}],"collection":[{"href":"https:\/\/suacero.com\/en\/wp-json\/wp\/v2\/pages"}],"about":[{"href":"https:\/\/suacero.com\/en\/wp-json\/wp\/v2\/types\/page"}],"author":[{"embeddable":true,"href":"https:\/\/suacero.com\/en\/wp-json\/wp\/v2\/users\/1"}],"replies":[{"embeddable":true,"href":"https:\/\/suacero.com\/en\/wp-json\/wp\/v2\/comments?post=29273"}],"version-history":[{"count":5,"href":"https:\/\/suacero.com\/en\/wp-json\/wp\/v2\/pages\/29273\/revisions"}],"predecessor-version":[{"id":31469,"href":"https:\/\/suacero.com\/en\/wp-json\/wp\/v2\/pages\/29273\/revisions\/31469"}],"wp:attachment":[{"href":"https:\/\/suacero.com\/en\/wp-json\/wp\/v2\/media?parent=29273"}],"curies":[{"name":"wp","href":"https:\/\/api.w.org\/{rel}","templated":true}]}}