{"id":29322,"date":"2024-08-13T23:58:39","date_gmt":"2024-08-14T05:58:39","guid":{"rendered":"https:\/\/suacero.com\/?page_id=29322"},"modified":"2025-04-27T22:04:24","modified_gmt":"2025-04-28T04:04:24","slug":"filosofia","status":"publish","type":"page","link":"https:\/\/suacero.com\/en\/filosofia\/","title":{"rendered":"Quienes Somos"},"content":{"rendered":"<div data-elementor-type=\"wp-page\" data-elementor-id=\"29322\" class=\"elementor elementor-29322\" data-elementor-post-type=\"page\">\n\t\t\t\t<div class=\"elementor-element elementor-element-490a6d4 e-con-full e-flex e-con e-parent\" data-id=\"490a6d4\" data-element_type=\"container\" data-e-type=\"container\">\n\t\t\t\t<\/div>\n\t\t<div class=\"elementor-element elementor-element-d6209f8 e-flex e-con-boxed e-con e-parent\" data-id=\"d6209f8\" data-element_type=\"container\" data-e-type=\"container\" data-settings=\"{&quot;background_background&quot;:&quot;video&quot;,&quot;background_video_link&quot;:&quot;https:\\\/\\\/suacero.com\\\/wp-content\\\/uploads\\\/2025\\\/01\\\/GENTE-V2-AZUL.mp4&quot;}\">\n\t\t\t\t\t<div class=\"e-con-inner\">\n\t\t<div class=\"elementor-background-video-container elementor-hidden-mobile\">\n\t\t\t\t\t\t\t<video class=\"elementor-background-video-hosted\" role=\"presentation\" autoplay muted playsinline loop><\/video>\n\t\t\t\t\t<\/div><div class=\"elementor-element elementor-element-9fb1fa9 e-con-full e-flex e-con e-child\" data-id=\"9fb1fa9\" data-element_type=\"container\" data-e-type=\"container\">\n\t\t\t\t<div class=\"elementor-element elementor-element-f1d0817 elementor-widget elementor-widget-text-editor\" data-id=\"f1d0817\" data-element_type=\"widget\" data-e-type=\"widget\" data-widget_type=\"text-editor.default\">\n\t\t\t\t<div class=\"elementor-widget-container\">\n\t\t\t\t\t\t\t\t\t<p>Towards <strong>sensible growth<br \/><\/strong>and <strong>responsible expansion.<\/strong><\/p>\t\t\t\t\t\t\t\t<\/div>\n\t\t\t\t<\/div>\n\t\t\t\t<\/div>\n\t\t\t\t\t<\/div>\n\t\t\t\t<\/div>\n\t\t<div class=\"elementor-element elementor-element-440e5d8 e-grid e-con-boxed e-con e-parent\" data-id=\"440e5d8\" data-element_type=\"container\" data-e-type=\"container\" data-settings=\"{&quot;background_background&quot;:&quot;classic&quot;}\">\n\t\t\t\t\t<div class=\"e-con-inner\">\n\t\t<div class=\"elementor-element elementor-element-7ce9f45 e-con-full e-flex e-con e-child\" data-id=\"7ce9f45\" data-element_type=\"container\" data-e-type=\"container\">\n\t\t\t\t<div class=\"elementor-element elementor-element-50b0d36 elementor-widget elementor-widget-text-editor\" data-id=\"50b0d36\" data-element_type=\"widget\" data-e-type=\"widget\" data-widget_type=\"text-editor.default\">\n\t\t\t\t<div class=\"elementor-widget-container\">\n\t\t\t\t\t\t\t\t\t<p><strong>Our Company: <\/strong><\/p>\t\t\t\t\t\t\t\t<\/div>\n\t\t\t\t<\/div>\n\t\t\t\t<div class=\"elementor-element elementor-element-0ad54a9 elementor-widget elementor-widget-text-editor\" data-id=\"0ad54a9\" data-element_type=\"widget\" data-e-type=\"widget\" data-widget_type=\"text-editor.default\">\n\t\t\t\t<div class=\"elementor-widget-container\">\n\t\t\t\t\t\t\t\t\t<p><span style=\"font-weight: 400;\">Suacero was founded on September, 1980. The original team was made up of 15 workers, with an initial production of 900 tons per year. Today, we\u2019ve grown into a community encompassing more than 550 families with an annual production of 260,000 tons.\u00a0<\/span><b>In the next few years, our goal is to double our production.<\/b><\/p><p><span style=\"font-weight: 400;\">We are strongly committed to our workers, our clients and our providers, and also to our natural environment. We believe in a form of wealth-generation through sensible growth and responsible expansion, always strengthening our value relationships.<\/span><\/p>\t\t\t\t\t\t\t\t<\/div>\n\t\t\t\t<\/div>\n\t\t\t\t<\/div>\n\t\t\t\t<div class=\"elementor-element elementor-element-3f1edf6 elementor-widget elementor-widget-image\" data-id=\"3f1edf6\" data-element_type=\"widget\" data-e-type=\"widget\" data-widget_type=\"image.default\">\n\t\t\t\t<div class=\"elementor-widget-container\">\n\t\t\t\t\t\t\t\t\t\t\t\t\t\t\t<img fetchpriority=\"high\" decoding=\"async\" width=\"767\" height=\"568\" src=\"https:\/\/suacero.com\/wp-content\/uploads\/2024\/11\/nosotros.png\" class=\"attachment-full size-full wp-image-30818\" alt=\"\" srcset=\"https:\/\/suacero.com\/wp-content\/uploads\/2024\/11\/nosotros.png 767w, https:\/\/suacero.com\/wp-content\/uploads\/2024\/11\/nosotros-300x222.png 300w, https:\/\/suacero.com\/wp-content\/uploads\/2024\/11\/nosotros-600x444.png 600w\" sizes=\"(max-width: 767px) 100vw, 767px\" \/>\t\t\t\t\t\t\t\t\t\t\t\t\t\t\t<\/div>\n\t\t\t\t<\/div>\n\t\t\t\t\t<\/div>\n\t\t\t\t<\/div>\n\t\t<div class=\"elementor-element elementor-element-5e6fc7d e-grid e-con-boxed e-con e-parent\" data-id=\"5e6fc7d\" data-element_type=\"container\" data-e-type=\"container\" data-settings=\"{&quot;background_background&quot;:&quot;classic&quot;}\">\n\t\t\t\t\t<div class=\"e-con-inner\">\n\t\t\t\t<div class=\"elementor-element elementor-element-48964f1 elementor-widget elementor-widget-image\" data-id=\"48964f1\" data-element_type=\"widget\" data-e-type=\"widget\" data-widget_type=\"image.default\">\n\t\t\t\t<div class=\"elementor-widget-container\">\n\t\t\t\t\t\t\t\t\t\t\t\t\t\t\t<img decoding=\"async\" width=\"767\" height=\"568\" src=\"https:\/\/suacero.com\/wp-content\/uploads\/2024\/08\/about-page-img1-1.png\" class=\"attachment-full size-full wp-image-29328\" alt=\"\" srcset=\"https:\/\/suacero.com\/wp-content\/uploads\/2024\/08\/about-page-img1-1.png 767w, https:\/\/suacero.com\/wp-content\/uploads\/2024\/08\/about-page-img1-1-600x444.png 600w, https:\/\/suacero.com\/wp-content\/uploads\/2024\/08\/about-page-img1-1-300x222.png 300w\" sizes=\"(max-width: 767px) 100vw, 767px\" \/>\t\t\t\t\t\t\t\t\t\t\t\t\t\t\t<\/div>\n\t\t\t\t<\/div>\n\t\t<div class=\"elementor-element elementor-element-9dfaaf1 e-flex e-con-boxed e-con e-child\" data-id=\"9dfaaf1\" data-element_type=\"container\" data-e-type=\"container\">\n\t\t\t\t\t<div class=\"e-con-inner\">\n\t\t\t\t<div class=\"elementor-element elementor-element-b5c47ec elementor-widget elementor-widget-text-editor\" data-id=\"b5c47ec\" data-element_type=\"widget\" data-e-type=\"widget\" data-widget_type=\"text-editor.default\">\n\t\t\t\t<div class=\"elementor-widget-container\">\n\t\t\t\t\t\t\t\t\t<p><strong>Our Purpose: <\/strong><\/p>\t\t\t\t\t\t\t\t<\/div>\n\t\t\t\t<\/div>\n\t\t\t\t<div class=\"elementor-element elementor-element-ecb72b8 elementor-widget elementor-widget-text-editor\" data-id=\"ecb72b8\" data-element_type=\"widget\" data-e-type=\"widget\" data-widget_type=\"text-editor.default\">\n\t\t\t\t<div class=\"elementor-widget-container\">\n\t\t\t\t\t\t\t\t\t<p class=\"p1\"><b>Our purpose is forging a staff<\/b><span style=\"font-weight: 400;\">\u00a0as resilient and tenacious as the steel we proudly manufacture; workers that make up the cornerstone of a profitable company in constant growth, capable of generating prosperity and well-being for all involved.<\/span><\/p>\t\t\t\t\t\t\t\t<\/div>\n\t\t\t\t<\/div>\n\t\t\t\t\t<\/div>\n\t\t\t\t<\/div>\n\t\t\t\t\t<\/div>\n\t\t\t\t<\/div>\n\t\t<div class=\"elementor-element elementor-element-a6744df e-flex e-con-boxed e-con e-parent\" data-id=\"a6744df\" data-element_type=\"container\" data-e-type=\"container\" data-settings=\"{&quot;background_background&quot;:&quot;classic&quot;}\">\n\t\t\t\t\t<div class=\"e-con-inner\">\n\t\t<div class=\"elementor-element elementor-element-4a39c80 e-con-full e-flex e-con e-child\" data-id=\"4a39c80\" data-element_type=\"container\" data-e-type=\"container\">\n\t\t\t\t<div class=\"elementor-element elementor-element-91ae34b elementor-widget elementor-widget-text-editor\" data-id=\"91ae34b\" data-element_type=\"widget\" data-e-type=\"widget\" data-widget_type=\"text-editor.default\">\n\t\t\t\t<div class=\"elementor-widget-container\">\n\t\t\t\t\t\t\t\t\t<p>Nuestros <strong>Our Values<\/strong><\/p>\t\t\t\t\t\t\t\t<\/div>\n\t\t\t\t<\/div>\n\t\t\t\t<div class=\"elementor-element elementor-element-30895d7 elementor-widget elementor-widget-image\" data-id=\"30895d7\" data-element_type=\"widget\" data-e-type=\"widget\" data-widget_type=\"image.default\">\n\t\t\t\t<div class=\"elementor-widget-container\">\n\t\t\t\t\t\t\t\t\t\t\t\t\t\t\t<img decoding=\"async\" width=\"1080\" height=\"1282\" src=\"https:\/\/suacero.com\/wp-content\/uploads\/2025\/04\/aceri_spn.png\" class=\"attachment-full size-full wp-image-31659\" alt=\"\" srcset=\"https:\/\/suacero.com\/wp-content\/uploads\/2025\/04\/aceri_spn.png 1080w, https:\/\/suacero.com\/wp-content\/uploads\/2025\/04\/aceri_spn-253x300.png 253w, https:\/\/suacero.com\/wp-content\/uploads\/2025\/04\/aceri_spn-863x1024.png 863w, https:\/\/suacero.com\/wp-content\/uploads\/2025\/04\/aceri_spn-768x912.png 768w, https:\/\/suacero.com\/wp-content\/uploads\/2025\/04\/aceri_spn-10x12.png 10w, https:\/\/suacero.com\/wp-content\/uploads\/2025\/04\/aceri_spn-600x712.png 600w\" sizes=\"(max-width: 1080px) 100vw, 1080px\" \/>\t\t\t\t\t\t\t\t\t\t\t\t\t\t\t<\/div>\n\t\t\t\t<\/div>\n\t\t\t\t<\/div>\n\t\t\t\t\t<\/div>\n\t\t\t\t<\/div>\n\t\t<div class=\"elementor-element elementor-element-4bfabac e-flex e-con-boxed e-con e-parent\" data-id=\"4bfabac\" data-element_type=\"container\" data-e-type=\"container\" data-settings=\"{&quot;background_background&quot;:&quot;slideshow&quot;,&quot;background_slideshow_gallery&quot;:[],&quot;background_slideshow_loop&quot;:&quot;yes&quot;,&quot;background_slideshow_slide_duration&quot;:5000,&quot;background_slideshow_slide_transition&quot;:&quot;fade&quot;,&quot;background_slideshow_transition_duration&quot;:500}\">\n\t\t\t\t\t<div class=\"e-con-inner\">\n\t\t\t\t<div class=\"elementor-element elementor-element-b075504 elementor-widget elementor-widget-text-editor\" data-id=\"b075504\" data-element_type=\"widget\" data-e-type=\"widget\" data-widget_type=\"text-editor.default\">\n\t\t\t\t<div class=\"elementor-widget-container\">\n\t\t\t\t\t\t\t\t\t<p class=\"p1\">Queremos ser un ejemplo de solidez que lucha con pasi\u00f3n para construir un M\u00e9xico mejor.<\/p>\t\t\t\t\t\t\t\t<\/div>\n\t\t\t\t<\/div>\n\t\t\t\t\t<\/div>\n\t\t\t\t<\/div>\n\t\t<div class=\"elementor-element elementor-element-b844bfb e-con-full e-flex e-con e-parent\" data-id=\"b844bfb\" data-element_type=\"container\" data-e-type=\"container\" data-settings=\"{&quot;background_background&quot;:&quot;slideshow&quot;,&quot;background_slideshow_gallery&quot;:[{&quot;id&quot;:29324,&quot;url&quot;:&quot;https:\\\/\\\/suacero.com\\\/wp-content\\\/uploads\\\/2024\\\/08\\\/filosofia.jpg&quot;},{&quot;id&quot;:29307,&quot;url&quot;:&quot;https:\\\/\\\/suacero.com\\\/wp-content\\\/uploads\\\/2024\\\/08\\\/historiafoto.jpg&quot;},{&quot;id&quot;:30804,&quot;url&quot;:&quot;https:\\\/\\\/suacero.com\\\/wp-content\\\/uploads\\\/2024\\\/11\\\/gente.png&quot;},{&quot;id&quot;:30808,&quot;url&quot;:&quot;https:\\\/\\\/suacero.com\\\/wp-content\\\/uploads\\\/2024\\\/11\\\/gente2.png&quot;},{&quot;id&quot;:29329,&quot;url&quot;:&quot;https:\\\/\\\/suacero.com\\\/wp-content\\\/uploads\\\/2024\\\/08\\\/filosofos.jpg&quot;},{&quot;id&quot;:30759,&quot;url&quot;:&quot;https:\\\/\\\/suacero.com\\\/wp-content\\\/uploads\\\/2024\\\/11\\\/SUACERO-VERDE-574-scaled.jpg&quot;}],&quot;background_slideshow_loop&quot;:&quot;yes&quot;,&quot;background_slideshow_slide_duration&quot;:5000,&quot;background_slideshow_slide_transition&quot;:&quot;fade&quot;,&quot;background_slideshow_transition_duration&quot;:500}\">\n\t\t\t\t<\/div>\n\t\t\t\t<\/div>","protected":false},"excerpt":{"rendered":"<p>Hacia un crecimiento prudentey una expansi\u00f3n responsable Nuestra Empresa: Suacero fue fundada en\u00a0septiembre de 1980. El equipo inicial estaba conformado por 15 colaboradores, con una producci\u00f3n anual de 900 toneladas. Hoy, hemos crecido hasta convertirnos en una comunidad de m\u00e1s de 550 familias con una producci\u00f3n de 260,000 toneladas anuales.\u00a0En los pr\u00f3ximos a\u00f1os duplicaremos nuestra&#8230;<\/p>","protected":false},"author":1,"featured_media":0,"parent":0,"menu_order":0,"comment_status":"closed","ping_status":"closed","template":"elementor_header_footer","meta":{"_eb_attr":"","footnotes":""},"class_list":["post-29322","page","type-page","status-publish","hentry"],"_links":{"self":[{"href":"https:\/\/suacero.com\/en\/wp-json\/wp\/v2\/pages\/29322","targetHints":{"allow":["GET"]}}],"collection":[{"href":"https:\/\/suacero.com\/en\/wp-json\/wp\/v2\/pages"}],"about":[{"href":"https:\/\/suacero.com\/en\/wp-json\/wp\/v2\/types\/page"}],"author":[{"embeddable":true,"href":"https:\/\/suacero.com\/en\/wp-json\/wp\/v2\/users\/1"}],"replies":[{"embeddable":true,"href":"https:\/\/suacero.com\/en\/wp-json\/wp\/v2\/comments?post=29322"}],"version-history":[{"count":5,"href":"https:\/\/suacero.com\/en\/wp-json\/wp\/v2\/pages\/29322\/revisions"}],"predecessor-version":[{"id":31662,"href":"https:\/\/suacero.com\/en\/wp-json\/wp\/v2\/pages\/29322\/revisions\/31662"}],"wp:attachment":[{"href":"https:\/\/suacero.com\/en\/wp-json\/wp\/v2\/media?parent=29322"}],"curies":[{"name":"wp","href":"https:\/\/api.w.org\/{rel}","templated":true}]}}