{"id":29344,"date":"2024-08-14T17:46:31","date_gmt":"2024-08-14T23:46:31","guid":{"rendered":"https:\/\/suacero.com\/?page_id=29344"},"modified":"2025-04-27T23:11:52","modified_gmt":"2025-04-28T05:11:52","slug":"productos","status":"publish","type":"page","link":"https:\/\/suacero.com\/en\/productos\/","title":{"rendered":"Products"},"content":{"rendered":"<div data-elementor-type=\"wp-page\" data-elementor-id=\"29344\" class=\"elementor elementor-29344\" data-elementor-post-type=\"page\">\n\t\t\t\t<div class=\"elementor-element elementor-element-490a6d4 e-con-full e-flex e-con e-parent\" data-id=\"490a6d4\" data-element_type=\"container\" data-e-type=\"container\">\n\t\t\t\t<\/div>\n\t\t<div class=\"elementor-element elementor-element-593568d e-flex e-con-boxed e-con e-parent\" data-id=\"593568d\" data-element_type=\"container\" data-e-type=\"container\" data-settings=\"{&quot;background_background&quot;:&quot;video&quot;,&quot;background_video_link&quot;:&quot;https:\\\/\\\/suacero.com\\\/wp-content\\\/uploads\\\/2025\\\/01\\\/PRODUCTOS-V2-AZUL.mp4&quot;,&quot;background_play_on_mobile&quot;:&quot;yes&quot;}\">\n\t\t\t\t\t<div class=\"e-con-inner\">\n\t\t<div class=\"elementor-background-video-container\">\n\t\t\t\t\t\t\t<video class=\"elementor-background-video-hosted\" role=\"presentation\" autoplay muted playsinline loop><\/video>\n\t\t\t\t\t<\/div><div class=\"elementor-element elementor-element-e8689ae e-con-full e-flex e-con e-child\" data-id=\"e8689ae\" data-element_type=\"container\" data-e-type=\"container\">\n\t\t\t\t<div class=\"elementor-element elementor-element-9351a0d elementor-widget elementor-widget-heading\" data-id=\"9351a0d\" data-element_type=\"widget\" data-e-type=\"widget\" data-widget_type=\"heading.default\">\n\t\t\t\t<div class=\"elementor-widget-container\">\n\t\t\t\t\t<h2 class=\"elementor-heading-title elementor-size-default\">OUR PRODUCTS<\/h2>\t\t\t\t<\/div>\n\t\t\t\t<\/div>\n\t\t\t\t<\/div>\n\t\t\t\t\t<\/div>\n\t\t\t\t<\/div>\n\t\t<div class=\"elementor-element elementor-element-51b57f1 e-flex e-con-boxed e-con e-parent\" data-id=\"51b57f1\" data-element_type=\"container\" data-e-type=\"container\">\n\t\t\t\t\t<div class=\"e-con-inner\">\n\t\t\t\t<div class=\"elementor-element elementor-element-9aec27b elementor-widget elementor-widget-text-editor\" data-id=\"9aec27b\" data-element_type=\"widget\" data-e-type=\"widget\" data-widget_type=\"text-editor.default\">\n\t\t\t\t<div class=\"elementor-widget-container\">\n\t\t\t\t\t\t\t\t\t<p>Products <strong>high quality<\/strong><\/p>\t\t\t\t\t\t\t\t<\/div>\n\t\t\t\t<\/div>\n\t\t\t\t\t<\/div>\n\t\t\t\t<\/div>\n\t\t<div class=\"elementor-element elementor-element-467aaf6 e-flex e-con-boxed e-con e-child\" data-id=\"467aaf6\" data-element_type=\"container\" data-e-type=\"container\">\n\t\t\t\t\t<div class=\"e-con-inner\">\n\t\t<div class=\"elementor-element elementor-element-6bd4ea1 e-grid e-con-full e-con e-child\" data-id=\"6bd4ea1\" data-element_type=\"container\" data-e-type=\"container\">\n\t\t\t\t<div class=\"elementor-element elementor-element-e259b8d animated-slow elementor-position-top elementor-position-top elementor-invisible elementor-widget elementor-widget-image-box\" data-id=\"e259b8d\" data-element_type=\"widget\" data-e-type=\"widget\" data-settings=\"{&quot;_animation&quot;:&quot;fadeIn&quot;}\" data-widget_type=\"image-box.default\">\n\t\t\t\t<div class=\"elementor-widget-container\">\n\t\t\t\t\t<div class=\"elementor-image-box-wrapper\"><figure class=\"elementor-image-box-img\"><a href=\"https:\/\/suacero.com\/en\/varilla-corrugada-sua-42\/\" tabindex=\"-1\"><img fetchpriority=\"high\" decoding=\"async\" width=\"768\" height=\"884\" src=\"https:\/\/suacero.com\/wp-content\/uploads\/2024\/01\/p_company_img_2-1.jpg\" class=\"attachment-full size-full wp-image-29199\" alt=\"\" srcset=\"https:\/\/suacero.com\/wp-content\/uploads\/2024\/01\/p_company_img_2-1.jpg 768w, https:\/\/suacero.com\/wp-content\/uploads\/2024\/01\/p_company_img_2-1-600x691.jpg 600w, https:\/\/suacero.com\/wp-content\/uploads\/2024\/01\/p_company_img_2-1-261x300.jpg 261w\" sizes=\"(max-width: 768px) 100vw, 768px\" \/><\/a><\/figure><div class=\"elementor-image-box-content\"><h3 class=\"elementor-image-box-title\"><a href=\"https:\/\/suacero.com\/en\/varilla-corrugada-sua-42\/\">Rebar <br>SUA-42<\/a><\/h3><\/div><\/div>\t\t\t\t<\/div>\n\t\t\t\t<\/div>\n\t\t\t\t<div class=\"elementor-element elementor-element-f340b8f animated-slow elementor-position-top elementor-invisible elementor-widget elementor-widget-image-box\" data-id=\"f340b8f\" data-element_type=\"widget\" data-e-type=\"widget\" data-settings=\"{&quot;_animation&quot;:&quot;fadeIn&quot;,&quot;_animation_delay&quot;:250}\" data-widget_type=\"image-box.default\">\n\t\t\t\t<div class=\"elementor-widget-container\">\n\t\t\t\t\t<div class=\"elementor-image-box-wrapper\"><figure class=\"elementor-image-box-img\"><a href=\"https:\/\/suacero.com\/en\/varilla-corrugada-sua-60\/\" tabindex=\"-1\"><img decoding=\"async\" width=\"768\" height=\"884\" src=\"https:\/\/suacero.com\/wp-content\/uploads\/2024\/09\/p_company_img_3_varilla_6000.jpg\" class=\"attachment-full size-full wp-image-30420\" alt=\"\" srcset=\"https:\/\/suacero.com\/wp-content\/uploads\/2024\/09\/p_company_img_3_varilla_6000.jpg 768w, https:\/\/suacero.com\/wp-content\/uploads\/2024\/09\/p_company_img_3_varilla_6000-600x691.jpg 600w, https:\/\/suacero.com\/wp-content\/uploads\/2024\/09\/p_company_img_3_varilla_6000-261x300.jpg 261w\" sizes=\"(max-width: 768px) 100vw, 768px\" \/><\/a><\/figure><div class=\"elementor-image-box-content\"><h3 class=\"elementor-image-box-title\"><a href=\"https:\/\/suacero.com\/en\/varilla-corrugada-sua-60\/\">Rebar <br>Corrugada 60<\/a><\/h3><\/div><\/div>\t\t\t\t<\/div>\n\t\t\t\t<\/div>\n\t\t\t\t<div class=\"elementor-element elementor-element-fc3aebd animated-slow elementor-position-top elementor-invisible elementor-widget elementor-widget-image-box\" data-id=\"fc3aebd\" data-element_type=\"widget\" data-e-type=\"widget\" data-settings=\"{&quot;_animation&quot;:&quot;fadeIn&quot;,&quot;_animation_delay&quot;:500}\" data-widget_type=\"image-box.default\">\n\t\t\t\t<div class=\"elementor-widget-container\">\n\t\t\t\t\t<div class=\"elementor-image-box-wrapper\"><figure class=\"elementor-image-box-img\"><a href=\"https:\/\/suacero.com\/en\/poste-ganadero\/\" tabindex=\"-1\"><img decoding=\"async\" width=\"768\" height=\"884\" src=\"https:\/\/suacero.com\/wp-content\/uploads\/2024\/01\/p_company_img_3-1.jpg\" class=\"attachment-full size-full wp-image-29200\" alt=\"\" srcset=\"https:\/\/suacero.com\/wp-content\/uploads\/2024\/01\/p_company_img_3-1.jpg 768w, https:\/\/suacero.com\/wp-content\/uploads\/2024\/01\/p_company_img_3-1-600x691.jpg 600w, https:\/\/suacero.com\/wp-content\/uploads\/2024\/01\/p_company_img_3-1-261x300.jpg 261w\" sizes=\"(max-width: 768px) 100vw, 768px\" \/><\/a><\/figure><div class=\"elementor-image-box-content\"><h3 class=\"elementor-image-box-title\"><a href=\"https:\/\/suacero.com\/en\/poste-ganadero\/\">Livestock fencing posts<\/a><\/h3><\/div><\/div>\t\t\t\t<\/div>\n\t\t\t\t<\/div>\n\t\t\t\t<div class=\"elementor-element elementor-element-99266f2 animated-slow elementor-position-top elementor-invisible elementor-widget elementor-widget-image-box\" data-id=\"99266f2\" data-element_type=\"widget\" data-e-type=\"widget\" data-settings=\"{&quot;_animation&quot;:&quot;fadeIn&quot;,&quot;_animation_delay&quot;:750}\" data-widget_type=\"image-box.default\">\n\t\t\t\t<div class=\"elementor-widget-container\">\n\t\t\t\t\t<div class=\"elementor-image-box-wrapper\"><figure class=\"elementor-image-box-img\"><a href=\"https:\/\/suacero.com\/en\/alambre-pulido\/\" tabindex=\"-1\"><img loading=\"lazy\" decoding=\"async\" width=\"768\" height=\"884\" src=\"https:\/\/suacero.com\/wp-content\/uploads\/2024\/09\/p_company_img_5_alambre_pulido.jpg\" class=\"attachment-full size-full wp-image-30422\" alt=\"\" srcset=\"https:\/\/suacero.com\/wp-content\/uploads\/2024\/09\/p_company_img_5_alambre_pulido.jpg 768w, https:\/\/suacero.com\/wp-content\/uploads\/2024\/09\/p_company_img_5_alambre_pulido-600x691.jpg 600w, https:\/\/suacero.com\/wp-content\/uploads\/2024\/09\/p_company_img_5_alambre_pulido-261x300.jpg 261w\" sizes=\"(max-width: 768px) 100vw, 768px\" \/><\/a><\/figure><div class=\"elementor-image-box-content\"><h3 class=\"elementor-image-box-title\"><a href=\"https:\/\/suacero.com\/en\/alambre-pulido\/\">Annealed<br>Wire<\/a><\/h3><\/div><\/div>\t\t\t\t<\/div>\n\t\t\t\t<\/div>\n\t\t\t\t<div class=\"elementor-element elementor-element-030174c animated-slow elementor-position-top elementor-invisible elementor-widget elementor-widget-image-box\" data-id=\"030174c\" data-element_type=\"widget\" data-e-type=\"widget\" data-settings=\"{&quot;_animation&quot;:&quot;fadeIn&quot;,&quot;_animation_delay&quot;:1000}\" data-widget_type=\"image-box.default\">\n\t\t\t\t<div class=\"elementor-widget-container\">\n\t\t\t\t\t<div class=\"elementor-image-box-wrapper\"><figure class=\"elementor-image-box-img\"><a href=\"https:\/\/suacero.com\/en\/alambre-recocido\/\" tabindex=\"-1\"><img loading=\"lazy\" decoding=\"async\" width=\"768\" height=\"884\" src=\"https:\/\/suacero.com\/wp-content\/uploads\/2024\/09\/p_company_img_6_alambre_recocido.jpg\" class=\"attachment-full size-full wp-image-30423\" alt=\"\" srcset=\"https:\/\/suacero.com\/wp-content\/uploads\/2024\/09\/p_company_img_6_alambre_recocido.jpg 768w, https:\/\/suacero.com\/wp-content\/uploads\/2024\/09\/p_company_img_6_alambre_recocido-600x691.jpg 600w, https:\/\/suacero.com\/wp-content\/uploads\/2024\/09\/p_company_img_6_alambre_recocido-261x300.jpg 261w\" sizes=\"(max-width: 768px) 100vw, 768px\" \/><\/a><\/figure><div class=\"elementor-image-box-content\"><h3 class=\"elementor-image-box-title\"><a href=\"https:\/\/suacero.com\/en\/alambre-recocido\/\">Annealed<br>Wire<\/a><\/h3><\/div><\/div>\t\t\t\t<\/div>\n\t\t\t\t<\/div>\n\t\t\t\t<div class=\"elementor-element elementor-element-5bc13d8 animated-slow elementor-position-top elementor-invisible elementor-widget elementor-widget-image-box\" data-id=\"5bc13d8\" data-element_type=\"widget\" data-e-type=\"widget\" data-settings=\"{&quot;_animation&quot;:&quot;fadeIn&quot;,&quot;_animation_delay&quot;:1250}\" data-widget_type=\"image-box.default\">\n\t\t\t\t<div class=\"elementor-widget-container\">\n\t\t\t\t\t<div class=\"elementor-image-box-wrapper\"><figure class=\"elementor-image-box-img\"><a href=\"https:\/\/suacero.com\/en\/alambron\/\" tabindex=\"-1\"><img loading=\"lazy\" decoding=\"async\" width=\"768\" height=\"884\" src=\"https:\/\/suacero.com\/wp-content\/uploads\/2024\/09\/p_company_img_7_alambron.jpg\" class=\"attachment-full size-full wp-image-30421\" alt=\"\" srcset=\"https:\/\/suacero.com\/wp-content\/uploads\/2024\/09\/p_company_img_7_alambron.jpg 768w, https:\/\/suacero.com\/wp-content\/uploads\/2024\/09\/p_company_img_7_alambron-600x691.jpg 600w, https:\/\/suacero.com\/wp-content\/uploads\/2024\/09\/p_company_img_7_alambron-261x300.jpg 261w\" sizes=\"(max-width: 768px) 100vw, 768px\" \/><\/a><\/figure><div class=\"elementor-image-box-content\"><h3 class=\"elementor-image-box-title\"><a href=\"https:\/\/suacero.com\/en\/alambron\/\">Wire Rod<\/a><\/h3><\/div><\/div>\t\t\t\t<\/div>\n\t\t\t\t<\/div>\n\t\t\t\t<\/div>\n\t\t\t\t\t<\/div>\n\t\t\t\t<\/div>\n\t\t<div class=\"elementor-element elementor-element-bd8c1f5 e-flex e-con-boxed e-con e-parent\" data-id=\"bd8c1f5\" data-element_type=\"container\" data-e-type=\"container\" data-settings=\"{&quot;background_background&quot;:&quot;classic&quot;}\">\n\t\t\t\t\t<div class=\"e-con-inner\">\n\t\t<div class=\"elementor-element elementor-element-c8dcab5 e-con-full e-flex e-con e-child\" data-id=\"c8dcab5\" data-element_type=\"container\" data-e-type=\"container\">\n\t\t\t\t<div class=\"elementor-element elementor-element-cafe217 elementor-widget elementor-widget-text-editor\" data-id=\"cafe217\" data-element_type=\"widget\" data-e-type=\"widget\" data-widget_type=\"text-editor.default\">\n\t\t\t\t<div class=\"elementor-widget-container\">\n\t\t\t\t\t\t\t\t\t<div class=\"page\" title=\"Page 8\"><div class=\"section\"><div class=\"layoutArea\"><div class=\"column\"><p class=\"p1\"><b>An excellent service, high quality products and unbreakable trust are our trademarks as a company.<\/b><\/p><\/div><\/div><\/div><\/div>\t\t\t\t\t\t\t\t<\/div>\n\t\t\t\t<\/div>\n\t\t\t\t<div class=\"elementor-element elementor-element-a97db35 elementor-widget elementor-widget-text-editor\" data-id=\"a97db35\" data-element_type=\"widget\" data-e-type=\"widget\" data-widget_type=\"text-editor.default\">\n\t\t\t\t<div class=\"elementor-widget-container\">\n\t\t\t\t\t\t\t\t\t<div class=\"page\" title=\"Page 8\"><div class=\"section\"><div class=\"layoutArea\"><div class=\"column\"><p><span style=\"font-weight: 400;\">The raw material for manufacturing our products is ferrous scrap, <\/span><span style=\"font-weight: 400;\">chatarra 100% reciclable.<\/span><span style=\"font-weight: 400;\"> which produces recycled steel which is, in its turn, 100% recyclable. Besides we promote sustainable practices that make a positive impact on the environment and constitute an example for our industry.<\/span><\/p><p><span style=\"font-weight: 400;\">We strictly follow national and international norms, and have quality control systems for the manufacture of each of our products.<\/span><\/p><\/div><\/div><\/div><\/div>\t\t\t\t\t\t\t\t<\/div>\n\t\t\t\t<\/div>\n\t\t\t\t<\/div>\n\t\t<div class=\"elementor-element elementor-element-2359b28 e-con-full e-flex e-con e-child\" data-id=\"2359b28\" data-element_type=\"container\" data-e-type=\"container\">\n\t\t\t\t<div class=\"elementor-element elementor-element-6b438e9 elementor--h-position-center elementor--v-position-middle elementor-arrows-position-inside elementor-pagination-position-inside elementor-widget elementor-widget-slides\" data-id=\"6b438e9\" data-element_type=\"widget\" data-e-type=\"widget\" data-settings=\"{&quot;navigation&quot;:&quot;both&quot;,&quot;autoplay&quot;:&quot;yes&quot;,&quot;pause_on_hover&quot;:&quot;yes&quot;,&quot;pause_on_interaction&quot;:&quot;yes&quot;,&quot;autoplay_speed&quot;:5000,&quot;infinite&quot;:&quot;yes&quot;,&quot;transition&quot;:&quot;slide&quot;,&quot;transition_speed&quot;:500}\" data-widget_type=\"slides.default\">\n\t\t\t\t<div class=\"elementor-widget-container\">\n\t\t\t\t\t\t\t\t\t<div class=\"elementor-swiper\">\n\t\t\t\t\t<div class=\"elementor-slides-wrapper elementor-main-swiper swiper\" role=\"region\" aria-roledescription=\"carousel\" aria-label=\"Diapositivas\" dir=\"ltr\" data-animation=\"fadeInUp\">\n\t\t\t\t<div class=\"swiper-wrapper elementor-slides\">\n\t\t\t\t\t\t\t\t\t\t<div class=\"elementor-repeater-item-c5b3cd0 swiper-slide\" role=\"group\" aria-roledescription=\"slide\"><div class=\"swiper-slide-bg\" role=\"img\"><\/div><div class=\"swiper-slide-inner\" ><div class=\"swiper-slide-contents\"><div class=\"elementor-slide-heading\">Arena Potos\u00ed<\/div><div class=\"elementor-slide-description\">Located next to the premises of the local State Fair.<\/div><\/div><\/div><\/div><div class=\"elementor-repeater-item-ebf88e8 swiper-slide\" role=\"group\" aria-roledescription=\"slide\"><div class=\"swiper-slide-bg\" role=\"img\"><\/div><div class=\"swiper-slide-inner\" ><div class=\"swiper-slide-contents\"><div class=\"elementor-slide-heading\">\u201cEl Coloso del Pac\u00edfico\u201d Baseball Stadium.<\/div><div class=\"elementor-slide-description\">With the capacity for 9,200 people, it is located in the Santa Teresita neighborhood, in the city of Tepic, Nayarit.<\/div><\/div><\/div><\/div><div class=\"elementor-repeater-item-a8ffcb0 swiper-slide\" role=\"group\" aria-roledescription=\"slide\"><div class=\"swiper-slide-bg\" role=\"img\"><\/div><div class=\"swiper-slide-inner\" ><div class=\"swiper-slide-contents\"><div class=\"elementor-slide-heading\">\u201cDel Rinc\u00f3n\u201d Metropolitan Axis.<\/div><div class=\"elementor-slide-description\">A road and a bridge which connect the municipalities of Pur\u00edsima del Rinc\u00f3n, San Francisco del Rinc\u00f3n, Le\u00f3n, Silao de la Zona Metropolitana de Le\u00f3n, in the state of Guanajuato.<\/div><\/div><\/div><\/div><div class=\"elementor-repeater-item-ebe5020 swiper-slide\" role=\"group\" aria-roledescription=\"slide\"><div class=\"swiper-slide-bg\" role=\"img\"><\/div><div class=\"swiper-slide-inner\" ><div class=\"swiper-slide-contents\"><div class=\"elementor-slide-heading\">Tangente 52 Building.<\/div><div class=\"elementor-slide-description\">A corporate building located in one of the most prestigious areas of our city, San Luis Potos\u00ed.<\/div><\/div><\/div><\/div>\t\t\t\t<\/div>\n\t\t\t\t\t\t\t\t\t\t\t\t\t\t\t<div class=\"elementor-swiper-button elementor-swiper-button-prev\" role=\"button\" tabindex=\"0\" aria-label=\"Previous slide\">\n\t\t\t\t\t\t\t<svg aria-hidden=\"true\" class=\"e-font-icon-svg e-eicon-chevron-left\" viewbox=\"0 0 1000 1000\" xmlns=\"http:\/\/www.w3.org\/2000\/svg\"><path d=\"M646 125C629 125 613 133 604 142L308 442C296 454 292 471 292 487 292 504 296 521 308 533L604 854C617 867 629 875 646 875 663 875 679 871 692 858 704 846 713 829 713 812 713 796 708 779 692 767L438 487 692 225C700 217 708 204 708 187 708 171 704 154 692 142 675 129 663 125 646 125Z\"><\/path><\/svg>\t\t\t\t\t\t<\/div>\n\t\t\t\t\t\t<div class=\"elementor-swiper-button elementor-swiper-button-next\" role=\"button\" tabindex=\"0\" aria-label=\"Next slide\">\n\t\t\t\t\t\t\t<svg aria-hidden=\"true\" class=\"e-font-icon-svg e-eicon-chevron-right\" viewbox=\"0 0 1000 1000\" xmlns=\"http:\/\/www.w3.org\/2000\/svg\"><path d=\"M696 533C708 521 713 504 713 487 713 471 708 454 696 446L400 146C388 133 375 125 354 125 338 125 325 129 313 142 300 154 292 171 292 187 292 204 296 221 308 233L563 492 304 771C292 783 288 800 288 817 288 833 296 850 308 863 321 871 338 875 354 875 371 875 388 867 400 854L696 533Z\"><\/path><\/svg>\t\t\t\t\t\t<\/div>\n\t\t\t\t\t\t\t\t\t\t\t\t\t\t\t\t<div class=\"swiper-pagination\"><\/div>\n\t\t\t\t\t\t\t\t\t\t\t\t<\/div>\n\t\t\t\t<\/div>\n\t\t\t\t\t\t\t\t<\/div>\n\t\t\t\t<\/div>\n\t\t\t\t<\/div>\n\t\t\t\t\t<\/div>\n\t\t\t\t<\/div>\n\t\t\t\t<\/div>","protected":false},"excerpt":{"rendered":"<p>Nuestros productos Productos de alta calidad Varilla Corrugada 42 Varilla Corrugada 60 Poste Ganadero AlambrePulido AlambreRecocido Alambron Nuestra marca se distingue por brindar un excelente servicio, productos de calidad y confianza inquebrantable. La materia prima para la fabricaci\u00f3n de nuestros productos es chatarra 100% reciclable. Con esto contribuimos a la promoci\u00f3n de pr\u00e1cticas sostenibles que&#8230;<\/p>","protected":false},"author":1,"featured_media":0,"parent":0,"menu_order":0,"comment_status":"closed","ping_status":"closed","template":"elementor_header_footer","meta":{"_eb_attr":"","footnotes":""},"class_list":["post-29344","page","type-page","status-publish","hentry"],"_links":{"self":[{"href":"https:\/\/suacero.com\/en\/wp-json\/wp\/v2\/pages\/29344","targetHints":{"allow":["GET"]}}],"collection":[{"href":"https:\/\/suacero.com\/en\/wp-json\/wp\/v2\/pages"}],"about":[{"href":"https:\/\/suacero.com\/en\/wp-json\/wp\/v2\/types\/page"}],"author":[{"embeddable":true,"href":"https:\/\/suacero.com\/en\/wp-json\/wp\/v2\/users\/1"}],"replies":[{"embeddable":true,"href":"https:\/\/suacero.com\/en\/wp-json\/wp\/v2\/comments?post=29344"}],"version-history":[{"count":5,"href":"https:\/\/suacero.com\/en\/wp-json\/wp\/v2\/pages\/29344\/revisions"}],"predecessor-version":[{"id":31678,"href":"https:\/\/suacero.com\/en\/wp-json\/wp\/v2\/pages\/29344\/revisions\/31678"}],"wp:attachment":[{"href":"https:\/\/suacero.com\/en\/wp-json\/wp\/v2\/media?parent=29344"}],"curies":[{"name":"wp","href":"https:\/\/api.w.org\/{rel}","templated":true}]}}