{"id":29511,"date":"2024-08-19T23:16:33","date_gmt":"2024-08-20T05:16:33","guid":{"rendered":"https:\/\/suacero.com\/?page_id=29511"},"modified":"2025-04-27T23:15:54","modified_gmt":"2025-04-28T05:15:54","slug":"alambre-recocido","status":"publish","type":"page","link":"https:\/\/suacero.com\/en\/alambre-recocido\/","title":{"rendered":"Annealed Wire"},"content":{"rendered":"<div data-elementor-type=\"wp-page\" data-elementor-id=\"29511\" class=\"elementor elementor-29511\" data-elementor-post-type=\"page\">\n\t\t\t\t<div class=\"elementor-element elementor-element-e0adce4 e-flex e-con-boxed e-con e-parent\" data-id=\"e0adce4\" data-element_type=\"container\" data-e-type=\"container\" data-settings=\"{&quot;background_background&quot;:&quot;classic&quot;}\">\n\t\t\t\t\t<div class=\"e-con-inner\">\n\t\t<div class=\"elementor-element elementor-element-66839f3 e-con-full e-flex e-con e-child\" data-id=\"66839f3\" data-element_type=\"container\" data-e-type=\"container\">\n\t\t\t\t<div class=\"elementor-element elementor-element-4ac2eb9 elementor-widget elementor-widget-text-editor\" data-id=\"4ac2eb9\" data-element_type=\"widget\" data-e-type=\"widget\" data-widget_type=\"text-editor.default\">\n\t\t\t\t<div class=\"elementor-widget-container\">\n\t\t\t\t\t\t\t\t\t<p>Annealed<br \/><strong>Wire<\/strong><br \/>Gauge 16. Low Carbon.<\/p>\t\t\t\t\t\t\t\t<\/div>\n\t\t\t\t<\/div>\n\t\t\t\t<\/div>\n\t\t\t\t\t<\/div>\n\t\t\t\t<\/div>\n\t\t<div class=\"elementor-element elementor-element-b551304 e-flex e-con-boxed e-con e-parent\" data-id=\"b551304\" data-element_type=\"container\" data-e-type=\"container\">\n\t\t\t\t\t<div class=\"e-con-inner\">\n\t\t<div class=\"elementor-element elementor-element-5f3ef2c e-con-full e-flex e-con e-child\" data-id=\"5f3ef2c\" data-element_type=\"container\" data-e-type=\"container\">\n\t\t\t\t<div class=\"elementor-element elementor-element-cf5625f elementor-widget elementor-widget-text-editor\" data-id=\"cf5625f\" data-element_type=\"widget\" data-e-type=\"widget\" data-widget_type=\"text-editor.default\">\n\t\t\t\t<div class=\"elementor-widget-container\">\n\t\t\t\t\t\t\t\t\t<p>Technical <strong>Specifications:<\/strong><\/p>\t\t\t\t\t\t\t\t<\/div>\n\t\t\t\t<\/div>\n\t\t\t\t<div class=\"elementor-element elementor-element-b6903f3 elementor-widget elementor-widget-text-editor\" data-id=\"b6903f3\" data-element_type=\"widget\" data-e-type=\"widget\" data-widget_type=\"text-editor.default\">\n\t\t\t\t<div class=\"elementor-widget-container\">\n\t\t\t\t\t\t\t\t\t<ul><li>Average weight per roll: 50 to 60 kg.<\/li><\/ul><p><strong>\u00a0 \u00a0 \u00a0 \u00a0 \u00a0 \u00a0 Roll diameter: <\/strong><\/p><ul><li>Inside: 30 to 40 cm.<\/li><li>Outside: 50 to 55 cm.<\/li><\/ul>\t\t\t\t\t\t\t\t<\/div>\n\t\t\t\t<\/div>\n\t\t\t\t<div class=\"elementor-element elementor-element-2809d0f elementor-widget elementor-widget-text-editor\" data-id=\"2809d0f\" data-element_type=\"widget\" data-e-type=\"widget\" data-widget_type=\"text-editor.default\">\n\t\t\t\t<div class=\"elementor-widget-container\">\n\t\t\t\t\t\t\t\t\t<p>Characteristics.<\/p>\t\t\t\t\t\t\t\t<\/div>\n\t\t\t\t<\/div>\n\t\t\t\t<div class=\"elementor-element elementor-element-3e9b6fb elementor-widget elementor-widget-text-editor\" data-id=\"3e9b6fb\" data-element_type=\"widget\" data-e-type=\"widget\" data-widget_type=\"text-editor.default\">\n\t\t\t\t<div class=\"elementor-widget-container\">\n\t\t\t\t\t\t\t\t\t<ul><li>Manufactured out of low carbon steel wire rod, grade 1004.<\/li><li><span style=\"font-weight: 400;\">Subjected to heat treatment in order to obtain a high ductility.<\/span>.<\/li><\/ul>\t\t\t\t\t\t\t\t<\/div>\n\t\t\t\t<\/div>\n\t\t\t\t<\/div>\n\t\t<div class=\"elementor-element elementor-element-a5ef1e9 e-con-full e-flex e-con e-child\" data-id=\"a5ef1e9\" data-element_type=\"container\" data-e-type=\"container\">\n\t\t\t\t<div class=\"elementor-element elementor-element-15bfada elementor-widget elementor-widget-text-editor\" data-id=\"15bfada\" data-element_type=\"widget\" data-e-type=\"widget\" data-widget_type=\"text-editor.default\">\n\t\t\t\t<div class=\"elementor-widget-container\">\n\t\t\t\t\t\t\t\t\t<p>Meets quality standards<br \/><strong>NMX-B-503-CANACERO-2011<\/strong><\/p>\t\t\t\t\t\t\t\t<\/div>\n\t\t\t\t<\/div>\n\t\t\t\t<div class=\"elementor-element elementor-element-cfb547a elementor-widget elementor-widget-rs-button\" data-id=\"cfb547a\" data-element_type=\"widget\" data-e-type=\"widget\" data-widget_type=\"rs-button.default\">\n\t\t\t\t<div class=\"elementor-widget-container\">\n\t\t\t\t\t\t\t<div class=\"rs-button style1\">\r\n\t\t\t\t\t\t<a class=\"rs-btn\" href=\"https:\/\/suacero.com\/wp-content\/uploads\/2025\/01\/Alambres-Suacero.pdf\" >\t\r\n\t\t\t\t<span>Download file \r\n\t\t\t\t\t\t\t\t\t<em>\r\n\t\t\t\t\t\t<svg aria-hidden=\"true\" class=\"e-font-icon-svg e-fas-chevron-down\" viewbox=\"0 0 448 512\" xmlns=\"http:\/\/www.w3.org\/2000\/svg\"><path d=\"M207.029 381.476L12.686 187.132c-9.373-9.373-9.373-24.569 0-33.941l22.667-22.667c9.357-9.357 24.522-9.375 33.901-.04L224 284.505l154.745-154.021c9.379-9.335 24.544-9.317 33.901.04l22.667 22.667c9.373 9.373 9.373 24.569 0 33.941L240.971 381.476c-9.373 9.372-24.569 9.372-33.942 0z\"><\/path><\/svg>\t\t\t\t\t\t<svg aria-hidden=\"true\" class=\"e-font-icon-svg e-fas-chevron-down\" viewbox=\"0 0 448 512\" xmlns=\"http:\/\/www.w3.org\/2000\/svg\"><path d=\"M207.029 381.476L12.686 187.132c-9.373-9.373-9.373-24.569 0-33.941l22.667-22.667c9.357-9.357 24.522-9.375 33.901-.04L224 284.505l154.745-154.021c9.379-9.335 24.544-9.317 33.901.04l22.667 22.667c9.373 9.373 9.373 24.569 0 33.941L240.971 381.476c-9.373 9.372-24.569 9.372-33.942 0z\"><\/path><\/svg>\t\t\t\t\t<\/em>\t\r\n\t\t\t\t\t\t\t\t<\/span>\r\n\t\t\t<\/a>\r\n\t\t<\/div>\r\n\t\t\t\t<\/div>\n\t\t\t\t<\/div>\n\t\t\t\t<\/div>\n\t\t\t\t\t<\/div>\n\t\t\t\t<\/div>\n\t\t<div class=\"elementor-element elementor-element-f0e8d2d e-grid e-con-boxed e-con e-parent\" data-id=\"f0e8d2d\" data-element_type=\"container\" data-e-type=\"container\" data-settings=\"{&quot;background_background&quot;:&quot;classic&quot;}\">\n\t\t\t\t\t<div class=\"e-con-inner\">\n\t\t\t\t<div class=\"elementor-element elementor-element-e0e6d31 elementor-widget elementor-widget-text-editor\" data-id=\"e0e6d31\" data-element_type=\"widget\" data-e-type=\"widget\" data-widget_type=\"text-editor.default\">\n\t\t\t\t<div class=\"elementor-widget-container\">\n\t\t\t\t\t\t\t\t\t<p><strong>Benefits.<\/strong><\/p><ul><li>Its high ductility and uniform smoothness allows it to be manually tied.<\/li><li><strong>Tensile strength: a maximum of 36 kg\/mm2.<\/strong><\/li><li>Gauge performance:<strong>\u00a056 m\/kg.<\/strong><\/li><\/ul><p><strong>Applications:<\/strong><\/p><ul><li><strong>Construction industry <\/strong>in general.<\/li><li><strong>Rebar tying:<\/strong> formworks, slabs, meshes, etc.<\/li><\/ul>\t\t\t\t\t\t\t\t<\/div>\n\t\t\t\t<\/div>\n\t\t\t\t<div class=\"elementor-element elementor-element-b41d3df elementor-widget elementor-widget-image\" data-id=\"b41d3df\" data-element_type=\"widget\" data-e-type=\"widget\" data-widget_type=\"image.default\">\n\t\t\t\t<div class=\"elementor-widget-container\">\n\t\t\t\t\t\t\t\t\t\t\t\t\t\t\t<img fetchpriority=\"high\" decoding=\"async\" width=\"1362\" height=\"500\" src=\"https:\/\/suacero.com\/wp-content\/uploads\/2024\/11\/alambre-pulido.png\" class=\"attachment-full size-full wp-image-30936\" alt=\"\" srcset=\"https:\/\/suacero.com\/wp-content\/uploads\/2024\/11\/alambre-pulido.png 1362w, https:\/\/suacero.com\/wp-content\/uploads\/2024\/11\/alambre-pulido-300x110.png 300w, https:\/\/suacero.com\/wp-content\/uploads\/2024\/11\/alambre-pulido-1024x376.png 1024w, https:\/\/suacero.com\/wp-content\/uploads\/2024\/11\/alambre-pulido-768x282.png 768w, https:\/\/suacero.com\/wp-content\/uploads\/2024\/11\/alambre-pulido-600x220.png 600w\" sizes=\"(max-width: 1362px) 100vw, 1362px\" \/>\t\t\t\t\t\t\t\t\t\t\t\t\t\t\t<\/div>\n\t\t\t\t<\/div>\n\t\t\t\t\t<\/div>\n\t\t\t\t<\/div>\n\t\t<div class=\"elementor-element elementor-element-a8ce102 e-flex e-con-boxed e-con e-parent\" data-id=\"a8ce102\" data-element_type=\"container\" data-e-type=\"container\">\n\t\t\t\t\t<div class=\"e-con-inner\">\n\t\t\t\t<div class=\"elementor-element elementor-element-c9f40b6 elementor-widget elementor-widget-text-editor\" data-id=\"c9f40b6\" data-element_type=\"widget\" data-e-type=\"widget\" data-widget_type=\"text-editor.default\">\n\t\t\t\t<div class=\"elementor-widget-container\">\n\t\t\t\t\t\t\t\t\t<p>Products <strong>high quality<\/strong><\/p>\t\t\t\t\t\t\t\t<\/div>\n\t\t\t\t<\/div>\n\t\t\t\t\t<\/div>\n\t\t\t\t<\/div>\n\t\t<div class=\"elementor-element elementor-element-99783d0 e-flex e-con-boxed e-con e-child\" data-id=\"99783d0\" data-element_type=\"container\" data-e-type=\"container\">\n\t\t\t\t\t<div class=\"e-con-inner\">\n\t\t<div class=\"elementor-element elementor-element-78a9dfb e-grid e-con-full e-con e-child\" data-id=\"78a9dfb\" data-element_type=\"container\" data-e-type=\"container\">\n\t\t\t\t<div class=\"elementor-element elementor-element-1ae809f animated-slow elementor-position-top elementor-position-top elementor-invisible elementor-widget elementor-widget-image-box\" data-id=\"1ae809f\" data-element_type=\"widget\" data-e-type=\"widget\" data-settings=\"{&quot;_animation&quot;:&quot;fadeIn&quot;}\" data-widget_type=\"image-box.default\">\n\t\t\t\t<div class=\"elementor-widget-container\">\n\t\t\t\t\t<div class=\"elementor-image-box-wrapper\"><figure class=\"elementor-image-box-img\"><a href=\"https:\/\/suacero.com\/en\/varilla-corrugada-sua-42\/\" tabindex=\"-1\"><img decoding=\"async\" width=\"768\" height=\"884\" src=\"https:\/\/suacero.com\/wp-content\/uploads\/2024\/01\/p_company_img_2-1.jpg\" class=\"attachment-full size-full wp-image-29199\" alt=\"\" srcset=\"https:\/\/suacero.com\/wp-content\/uploads\/2024\/01\/p_company_img_2-1.jpg 768w, https:\/\/suacero.com\/wp-content\/uploads\/2024\/01\/p_company_img_2-1-600x691.jpg 600w, https:\/\/suacero.com\/wp-content\/uploads\/2024\/01\/p_company_img_2-1-261x300.jpg 261w\" sizes=\"(max-width: 768px) 100vw, 768px\" \/><\/a><\/figure><div class=\"elementor-image-box-content\"><h3 class=\"elementor-image-box-title\"><a href=\"https:\/\/suacero.com\/en\/varilla-corrugada-sua-42\/\">Rebar <br>SUA-42<\/a><\/h3><\/div><\/div>\t\t\t\t<\/div>\n\t\t\t\t<\/div>\n\t\t\t\t<div class=\"elementor-element elementor-element-49713e5 animated-slow elementor-position-top elementor-invisible elementor-widget elementor-widget-image-box\" data-id=\"49713e5\" data-element_type=\"widget\" data-e-type=\"widget\" data-settings=\"{&quot;_animation&quot;:&quot;fadeIn&quot;,&quot;_animation_delay&quot;:250}\" data-widget_type=\"image-box.default\">\n\t\t\t\t<div class=\"elementor-widget-container\">\n\t\t\t\t\t<div class=\"elementor-image-box-wrapper\"><figure class=\"elementor-image-box-img\"><a href=\"https:\/\/suacero.com\/en\/varilla-corrugada-sua-60\/\" tabindex=\"-1\"><img decoding=\"async\" width=\"768\" height=\"884\" src=\"https:\/\/suacero.com\/wp-content\/uploads\/2024\/09\/p_company_img_3_varilla_6000.jpg\" class=\"attachment-full size-full wp-image-30420\" alt=\"\" srcset=\"https:\/\/suacero.com\/wp-content\/uploads\/2024\/09\/p_company_img_3_varilla_6000.jpg 768w, https:\/\/suacero.com\/wp-content\/uploads\/2024\/09\/p_company_img_3_varilla_6000-600x691.jpg 600w, https:\/\/suacero.com\/wp-content\/uploads\/2024\/09\/p_company_img_3_varilla_6000-261x300.jpg 261w\" sizes=\"(max-width: 768px) 100vw, 768px\" \/><\/a><\/figure><div class=\"elementor-image-box-content\"><h3 class=\"elementor-image-box-title\"><a href=\"https:\/\/suacero.com\/en\/varilla-corrugada-sua-60\/\">Rebar <br>Corrugada 60<\/a><\/h3><\/div><\/div>\t\t\t\t<\/div>\n\t\t\t\t<\/div>\n\t\t\t\t<div class=\"elementor-element elementor-element-1609e48 animated-slow elementor-position-top elementor-invisible elementor-widget elementor-widget-image-box\" data-id=\"1609e48\" data-element_type=\"widget\" data-e-type=\"widget\" data-settings=\"{&quot;_animation&quot;:&quot;fadeIn&quot;,&quot;_animation_delay&quot;:500}\" data-widget_type=\"image-box.default\">\n\t\t\t\t<div class=\"elementor-widget-container\">\n\t\t\t\t\t<div class=\"elementor-image-box-wrapper\"><figure class=\"elementor-image-box-img\"><a href=\"https:\/\/suacero.com\/en\/poste-ganadero\/\" tabindex=\"-1\"><img loading=\"lazy\" decoding=\"async\" width=\"768\" height=\"884\" src=\"https:\/\/suacero.com\/wp-content\/uploads\/2024\/01\/p_company_img_3-1.jpg\" class=\"attachment-full size-full wp-image-29200\" alt=\"\" srcset=\"https:\/\/suacero.com\/wp-content\/uploads\/2024\/01\/p_company_img_3-1.jpg 768w, https:\/\/suacero.com\/wp-content\/uploads\/2024\/01\/p_company_img_3-1-600x691.jpg 600w, https:\/\/suacero.com\/wp-content\/uploads\/2024\/01\/p_company_img_3-1-261x300.jpg 261w\" sizes=\"(max-width: 768px) 100vw, 768px\" \/><\/a><\/figure><div class=\"elementor-image-box-content\"><h3 class=\"elementor-image-box-title\"><a href=\"https:\/\/suacero.com\/en\/poste-ganadero\/\">Livestock fencing posts<\/a><\/h3><\/div><\/div>\t\t\t\t<\/div>\n\t\t\t\t<\/div>\n\t\t\t\t<div class=\"elementor-element elementor-element-d237331 animated-slow elementor-position-top elementor-invisible elementor-widget elementor-widget-image-box\" data-id=\"d237331\" data-element_type=\"widget\" data-e-type=\"widget\" data-settings=\"{&quot;_animation&quot;:&quot;fadeIn&quot;,&quot;_animation_delay&quot;:750}\" data-widget_type=\"image-box.default\">\n\t\t\t\t<div class=\"elementor-widget-container\">\n\t\t\t\t\t<div class=\"elementor-image-box-wrapper\"><figure class=\"elementor-image-box-img\"><a href=\"https:\/\/suacero.com\/en\/alambre-pulido\/\" tabindex=\"-1\"><img loading=\"lazy\" decoding=\"async\" width=\"768\" height=\"884\" src=\"https:\/\/suacero.com\/wp-content\/uploads\/2024\/09\/p_company_img_5_alambre_pulido.jpg\" class=\"attachment-full size-full wp-image-30422\" alt=\"\" srcset=\"https:\/\/suacero.com\/wp-content\/uploads\/2024\/09\/p_company_img_5_alambre_pulido.jpg 768w, https:\/\/suacero.com\/wp-content\/uploads\/2024\/09\/p_company_img_5_alambre_pulido-600x691.jpg 600w, https:\/\/suacero.com\/wp-content\/uploads\/2024\/09\/p_company_img_5_alambre_pulido-261x300.jpg 261w\" sizes=\"(max-width: 768px) 100vw, 768px\" \/><\/a><\/figure><div class=\"elementor-image-box-content\"><h3 class=\"elementor-image-box-title\"><a href=\"https:\/\/suacero.com\/en\/alambre-pulido\/\">Annealed<br>Wire<\/a><\/h3><\/div><\/div>\t\t\t\t<\/div>\n\t\t\t\t<\/div>\n\t\t\t\t<div class=\"elementor-element elementor-element-206d41c animated-slow elementor-position-top elementor-invisible elementor-widget elementor-widget-image-box\" data-id=\"206d41c\" data-element_type=\"widget\" data-e-type=\"widget\" data-settings=\"{&quot;_animation&quot;:&quot;fadeIn&quot;,&quot;_animation_delay&quot;:1000}\" data-widget_type=\"image-box.default\">\n\t\t\t\t<div class=\"elementor-widget-container\">\n\t\t\t\t\t<div class=\"elementor-image-box-wrapper\"><figure class=\"elementor-image-box-img\"><a href=\"https:\/\/suacero.com\/en\/alambre-recocido\/\" tabindex=\"-1\"><img loading=\"lazy\" decoding=\"async\" width=\"768\" height=\"884\" src=\"https:\/\/suacero.com\/wp-content\/uploads\/2024\/09\/p_company_img_6_alambre_recocido.jpg\" class=\"attachment-full size-full wp-image-30423\" alt=\"\" srcset=\"https:\/\/suacero.com\/wp-content\/uploads\/2024\/09\/p_company_img_6_alambre_recocido.jpg 768w, https:\/\/suacero.com\/wp-content\/uploads\/2024\/09\/p_company_img_6_alambre_recocido-600x691.jpg 600w, https:\/\/suacero.com\/wp-content\/uploads\/2024\/09\/p_company_img_6_alambre_recocido-261x300.jpg 261w\" sizes=\"(max-width: 768px) 100vw, 768px\" \/><\/a><\/figure><div class=\"elementor-image-box-content\"><h3 class=\"elementor-image-box-title\"><a href=\"https:\/\/suacero.com\/en\/alambre-recocido\/\">Annealed<br>Wire<\/a><\/h3><\/div><\/div>\t\t\t\t<\/div>\n\t\t\t\t<\/div>\n\t\t\t\t<div class=\"elementor-element elementor-element-f7ee2c0 animated-slow elementor-position-top elementor-invisible elementor-widget elementor-widget-image-box\" data-id=\"f7ee2c0\" data-element_type=\"widget\" data-e-type=\"widget\" data-settings=\"{&quot;_animation&quot;:&quot;fadeIn&quot;,&quot;_animation_delay&quot;:1250}\" data-widget_type=\"image-box.default\">\n\t\t\t\t<div class=\"elementor-widget-container\">\n\t\t\t\t\t<div class=\"elementor-image-box-wrapper\"><figure class=\"elementor-image-box-img\"><a href=\"https:\/\/suacero.com\/en\/alambron\/\" tabindex=\"-1\"><img loading=\"lazy\" decoding=\"async\" width=\"768\" height=\"884\" src=\"https:\/\/suacero.com\/wp-content\/uploads\/2024\/09\/p_company_img_7_alambron.jpg\" class=\"attachment-full size-full wp-image-30421\" alt=\"\" srcset=\"https:\/\/suacero.com\/wp-content\/uploads\/2024\/09\/p_company_img_7_alambron.jpg 768w, https:\/\/suacero.com\/wp-content\/uploads\/2024\/09\/p_company_img_7_alambron-600x691.jpg 600w, https:\/\/suacero.com\/wp-content\/uploads\/2024\/09\/p_company_img_7_alambron-261x300.jpg 261w\" sizes=\"(max-width: 768px) 100vw, 768px\" \/><\/a><\/figure><div class=\"elementor-image-box-content\"><h3 class=\"elementor-image-box-title\"><a href=\"https:\/\/suacero.com\/en\/alambron\/\">Wire Rod<\/a><\/h3><\/div><\/div>\t\t\t\t<\/div>\n\t\t\t\t<\/div>\n\t\t\t\t<\/div>\n\t\t\t\t\t<\/div>\n\t\t\t\t<\/div>\n\t\t\t\t<\/div>","protected":false},"excerpt":{"rendered":"<p>AlambreRecocido.Calibre 16, Bajo Carb\u00f3n. Especificaciones T\u00e9cnicas Peso promedio por rollo: 50 a 60 kg. \u00a0 \u00a0 \u00a0 \u00a0 \u00a0 \u00a0 Di\u00e1metro de rollo. Interior: 30 a 40 cm. Exterior; 50 a 55 cm. Caracter\u00edsticas Producido a partir de alambr\u00f3n, bajo carb\u00f3n, grado 1004. Sometido a tratamiento t\u00e9rmico para obtener su alta ductilidad. Cumple con la&#8230;<\/p>","protected":false},"author":1,"featured_media":0,"parent":0,"menu_order":0,"comment_status":"closed","ping_status":"closed","template":"elementor_header_footer","meta":{"_eb_attr":"","footnotes":""},"class_list":["post-29511","page","type-page","status-publish","hentry"],"_links":{"self":[{"href":"https:\/\/suacero.com\/en\/wp-json\/wp\/v2\/pages\/29511","targetHints":{"allow":["GET"]}}],"collection":[{"href":"https:\/\/suacero.com\/en\/wp-json\/wp\/v2\/pages"}],"about":[{"href":"https:\/\/suacero.com\/en\/wp-json\/wp\/v2\/types\/page"}],"author":[{"embeddable":true,"href":"https:\/\/suacero.com\/en\/wp-json\/wp\/v2\/users\/1"}],"replies":[{"embeddable":true,"href":"https:\/\/suacero.com\/en\/wp-json\/wp\/v2\/comments?post=29511"}],"version-history":[{"count":5,"href":"https:\/\/suacero.com\/en\/wp-json\/wp\/v2\/pages\/29511\/revisions"}],"predecessor-version":[{"id":31693,"href":"https:\/\/suacero.com\/en\/wp-json\/wp\/v2\/pages\/29511\/revisions\/31693"}],"wp:attachment":[{"href":"https:\/\/suacero.com\/en\/wp-json\/wp\/v2\/media?parent=29511"}],"curies":[{"name":"wp","href":"https:\/\/api.w.org\/{rel}","templated":true}]}}