{"id":30158,"date":"2024-08-28T22:38:33","date_gmt":"2024-08-29T04:38:33","guid":{"rendered":"https:\/\/suacero.com\/?page_id=30158"},"modified":"2025-05-12T13:43:38","modified_gmt":"2025-05-12T19:43:38","slug":"alambron","status":"publish","type":"page","link":"https:\/\/suacero.com\/en\/alambron\/","title":{"rendered":"Wire Rod"},"content":{"rendered":"<div data-elementor-type=\"wp-page\" data-elementor-id=\"30158\" class=\"elementor elementor-30158\" data-elementor-post-type=\"page\">\n\t\t\t\t<div class=\"elementor-element elementor-element-d8fadd0 e-flex e-con-boxed e-con e-parent\" data-id=\"d8fadd0\" data-element_type=\"container\" data-e-type=\"container\" data-settings=\"{&quot;background_background&quot;:&quot;classic&quot;}\">\n\t\t\t\t\t<div class=\"e-con-inner\">\n\t\t<div class=\"elementor-element elementor-element-a177029 e-con-full e-flex e-con e-child\" data-id=\"a177029\" data-element_type=\"container\" data-e-type=\"container\">\n\t\t\t\t<div class=\"elementor-element elementor-element-5a15024 elementor-widget elementor-widget-text-editor\" data-id=\"5a15024\" data-element_type=\"widget\" data-e-type=\"widget\" data-widget_type=\"text-editor.default\">\n\t\t\t\t<div class=\"elementor-widget-container\">\n\t\t\t\t\t\t\t\t\t<p><strong>Wire Rod<\/strong><\/p>\t\t\t\t\t\t\t\t<\/div>\n\t\t\t\t<\/div>\n\t\t\t\t<\/div>\n\t\t\t\t\t<\/div>\n\t\t\t\t<\/div>\n\t\t<div class=\"elementor-element elementor-element-b551304 e-flex e-con-boxed e-con e-parent\" data-id=\"b551304\" data-element_type=\"container\" data-e-type=\"container\">\n\t\t\t\t\t<div class=\"e-con-inner\">\n\t\t<div class=\"elementor-element elementor-element-5f3ef2c e-con-full e-flex e-con e-child\" data-id=\"5f3ef2c\" data-element_type=\"container\" data-e-type=\"container\">\n\t\t\t\t<div class=\"elementor-element elementor-element-ef5570a elementor-widget elementor-widget-text-editor\" data-id=\"ef5570a\" data-element_type=\"widget\" data-e-type=\"widget\" data-widget_type=\"text-editor.default\">\n\t\t\t\t<div class=\"elementor-widget-container\">\n\t\t\t\t\t\t\t\t\t<p>Carbon steel product, used for the construction industry or wire drawing process.<\/p>\t\t\t\t\t\t\t\t<\/div>\n\t\t\t\t<\/div>\n\t\t\t\t<div class=\"elementor-element elementor-element-a99ec32 elementor-widget elementor-widget-text-editor\" data-id=\"a99ec32\" data-element_type=\"widget\" data-e-type=\"widget\" data-widget_type=\"text-editor.default\">\n\t\t\t\t<div class=\"elementor-widget-container\">\n\t\t\t\t\t\t\t\t\t<p><strong>Technical Specifications:<\/strong><\/p>\t\t\t\t\t\t\t\t<\/div>\n\t\t\t\t<\/div>\n\t\t\t\t<div class=\"elementor-element elementor-element-ebed5e3 elementor-widget elementor-widget-text-editor\" data-id=\"ebed5e3\" data-element_type=\"widget\" data-e-type=\"widget\" data-widget_type=\"text-editor.default\">\n\t\t\t\t<div class=\"elementor-widget-container\">\n\t\t\t\t\t\t\t\t\t<ul><li style=\"list-style-type: none;\"><ul><li><strong>Average weight per roll:<\/strong> 2,300 kg<\/li><li><strong>Roll diameter: <\/strong>Inside: 30 to 40 cms. Outside: 50 to 55 cm.<\/li><\/ul><\/li><\/ul>\t\t\t\t\t\t\t\t<\/div>\n\t\t\t\t<\/div>\n\t\t\t\t<div class=\"elementor-element elementor-element-5b49cb3 elementor-widget elementor-widget-text-editor\" data-id=\"5b49cb3\" data-element_type=\"widget\" data-e-type=\"widget\" data-widget_type=\"text-editor.default\">\n\t\t\t\t<div class=\"elementor-widget-container\">\n\t\t\t\t\t\t\t\t\t<p><strong>Characteristics.<\/strong><\/p>\t\t\t\t\t\t\t\t<\/div>\n\t\t\t\t<\/div>\n\t\t\t\t<div class=\"elementor-element elementor-element-4ea598a elementor-widget elementor-widget-text-editor\" data-id=\"4ea598a\" data-element_type=\"widget\" data-e-type=\"widget\" data-widget_type=\"text-editor.default\">\n\t\t\t\t<div class=\"elementor-widget-container\">\n\t\t\t\t\t\t\t\t\t<ul><li>Manufactured out of low carbon steel wire rod, grade 1004.<\/li><li>Subjected to heat treatment in order to obtain a high ductility.<\/li><\/ul>\t\t\t\t\t\t\t\t<\/div>\n\t\t\t\t<\/div>\n\t\t\t\t<\/div>\n\t\t<div class=\"elementor-element elementor-element-a5ef1e9 e-con-full e-flex e-con e-child\" data-id=\"a5ef1e9\" data-element_type=\"container\" data-e-type=\"container\">\n\t\t\t\t<div class=\"elementor-element elementor-element-15bfada elementor-widget elementor-widget-text-editor\" data-id=\"15bfada\" data-element_type=\"widget\" data-e-type=\"widget\" data-widget_type=\"text-editor.default\">\n\t\t\t\t<div class=\"elementor-widget-container\">\n\t\t\t\t\t\t\t\t\t<p>Meets quality standards<br \/><strong>NMX-B-365-CANACERO-2017<\/strong><\/p>\t\t\t\t\t\t\t\t<\/div>\n\t\t\t\t<\/div>\n\t\t\t\t<div class=\"elementor-element elementor-element-f48d660 elementor-widget elementor-widget-rs-button\" data-id=\"f48d660\" data-element_type=\"widget\" data-e-type=\"widget\" data-widget_type=\"rs-button.default\">\n\t\t\t\t<div class=\"elementor-widget-container\">\n\t\t\t\t\t\t\t<div class=\"rs-button style1\">\r\n\t\t\t\t\t\t<a class=\"rs-btn\" href=\"https:\/\/suacero.com\/wp-content\/uploads\/2025\/01\/Alambron-Suacero.pdf\" >\t\r\n\t\t\t\t<span>Download file \r\n\t\t\t\t\t\t\t\t\t<em>\r\n\t\t\t\t\t\t<svg aria-hidden=\"true\" class=\"e-font-icon-svg e-fas-chevron-down\" viewbox=\"0 0 448 512\" xmlns=\"http:\/\/www.w3.org\/2000\/svg\"><path d=\"M207.029 381.476L12.686 187.132c-9.373-9.373-9.373-24.569 0-33.941l22.667-22.667c9.357-9.357 24.522-9.375 33.901-.04L224 284.505l154.745-154.021c9.379-9.335 24.544-9.317 33.901.04l22.667 22.667c9.373 9.373 9.373 24.569 0 33.941L240.971 381.476c-9.373 9.372-24.569 9.372-33.942 0z\"><\/path><\/svg>\t\t\t\t\t\t<svg aria-hidden=\"true\" class=\"e-font-icon-svg e-fas-chevron-down\" viewbox=\"0 0 448 512\" xmlns=\"http:\/\/www.w3.org\/2000\/svg\"><path d=\"M207.029 381.476L12.686 187.132c-9.373-9.373-9.373-24.569 0-33.941l22.667-22.667c9.357-9.357 24.522-9.375 33.901-.04L224 284.505l154.745-154.021c9.379-9.335 24.544-9.317 33.901.04l22.667 22.667c9.373 9.373 9.373 24.569 0 33.941L240.971 381.476c-9.373 9.372-24.569 9.372-33.942 0z\"><\/path><\/svg>\t\t\t\t\t<\/em>\t\r\n\t\t\t\t\t\t\t\t<\/span>\r\n\t\t\t<\/a>\r\n\t\t<\/div>\r\n\t\t\t\t<\/div>\n\t\t\t\t<\/div>\n\t\t\t\t<\/div>\n\t\t\t\t\t<\/div>\n\t\t\t\t<\/div>\n\t\t<div class=\"elementor-element elementor-element-295a8ae e-grid e-con-boxed e-con e-parent\" data-id=\"295a8ae\" data-element_type=\"container\" data-e-type=\"container\" data-settings=\"{&quot;background_background&quot;:&quot;classic&quot;}\">\n\t\t\t\t\t<div class=\"e-con-inner\">\n\t\t\t\t<div class=\"elementor-element elementor-element-9b36661 elementor-widget elementor-widget-text-editor\" data-id=\"9b36661\" data-element_type=\"widget\" data-e-type=\"widget\" data-widget_type=\"text-editor.default\">\n\t\t\t\t<div class=\"elementor-widget-container\">\n\t\t\t\t\t\t\t\t\t<p>\u00a0<\/p><p><strong>Benefits.\u00a0<\/strong><\/p><ul><li>Its high ductility and uniform smoothness allows it to be manually tied.<\/li><li>Tensile strength: a maximum of 36 kg\/mm2.<\/li><li>Gauge performance: 16.56 m\/kg.<\/li><\/ul><p><strong>Applications:<br \/><\/strong><\/p><ul><li>Construction industry in general.<\/li><li>Rebar tying: formworks, slabs, meshes, etc.<\/li><\/ul>\t\t\t\t\t\t\t\t<\/div>\n\t\t\t\t<\/div>\n\t\t\t\t<div class=\"elementor-element elementor-element-8aef147 elementor-widget elementor-widget-image\" data-id=\"8aef147\" data-element_type=\"widget\" data-e-type=\"widget\" data-widget_type=\"image.default\">\n\t\t\t\t<div class=\"elementor-widget-container\">\n\t\t\t\t\t\t\t\t\t\t\t\t\t\t\t<img fetchpriority=\"high\" decoding=\"async\" width=\"768\" height=\"884\" src=\"https:\/\/suacero.com\/wp-content\/uploads\/2024\/11\/alambron2.png\" class=\"attachment-full size-full wp-image-30928\" alt=\"\" srcset=\"https:\/\/suacero.com\/wp-content\/uploads\/2024\/11\/alambron2.png 768w, https:\/\/suacero.com\/wp-content\/uploads\/2024\/11\/alambron2-261x300.png 261w, https:\/\/suacero.com\/wp-content\/uploads\/2024\/11\/alambron2-600x691.png 600w\" sizes=\"(max-width: 768px) 100vw, 768px\" \/>\t\t\t\t\t\t\t\t\t\t\t\t\t\t\t<\/div>\n\t\t\t\t<\/div>\n\t\t\t\t\t<\/div>\n\t\t\t\t<\/div>\n\t\t<div class=\"elementor-element elementor-element-fccb79c e-flex e-con-boxed e-con e-parent\" data-id=\"fccb79c\" data-element_type=\"container\" data-e-type=\"container\">\n\t\t\t\t\t<div class=\"e-con-inner\">\n\t\t\t\t<div class=\"elementor-element elementor-element-4848909 elementor-widget elementor-widget-text-editor\" data-id=\"4848909\" data-element_type=\"widget\" data-e-type=\"widget\" data-widget_type=\"text-editor.default\">\n\t\t\t\t<div class=\"elementor-widget-container\">\n\t\t\t\t\t\t\t\t\t<p>Products <strong>high quality<\/strong><\/p>\t\t\t\t\t\t\t\t<\/div>\n\t\t\t\t<\/div>\n\t\t\t\t\t<\/div>\n\t\t\t\t<\/div>\n\t\t<div class=\"elementor-element elementor-element-aa72d67 e-flex e-con-boxed e-con e-child\" data-id=\"aa72d67\" data-element_type=\"container\" data-e-type=\"container\">\n\t\t\t\t\t<div class=\"e-con-inner\">\n\t\t<div class=\"elementor-element elementor-element-a7ce68c e-grid e-con-full e-con e-child\" data-id=\"a7ce68c\" data-element_type=\"container\" data-e-type=\"container\">\n\t\t\t\t<div class=\"elementor-element elementor-element-f8fb8fe animated-slow elementor-position-top elementor-position-top elementor-invisible elementor-widget elementor-widget-image-box\" data-id=\"f8fb8fe\" data-element_type=\"widget\" data-e-type=\"widget\" data-settings=\"{&quot;_animation&quot;:&quot;fadeIn&quot;}\" data-widget_type=\"image-box.default\">\n\t\t\t\t<div class=\"elementor-widget-container\">\n\t\t\t\t\t<div class=\"elementor-image-box-wrapper\"><figure class=\"elementor-image-box-img\"><a href=\"https:\/\/suacero.com\/en\/varilla-corrugada-sua-42\/\" tabindex=\"-1\"><img decoding=\"async\" width=\"768\" height=\"884\" src=\"https:\/\/suacero.com\/wp-content\/uploads\/2024\/01\/p_company_img_2-1.jpg\" class=\"attachment-full size-full wp-image-29199\" alt=\"\" srcset=\"https:\/\/suacero.com\/wp-content\/uploads\/2024\/01\/p_company_img_2-1.jpg 768w, https:\/\/suacero.com\/wp-content\/uploads\/2024\/01\/p_company_img_2-1-600x691.jpg 600w, https:\/\/suacero.com\/wp-content\/uploads\/2024\/01\/p_company_img_2-1-261x300.jpg 261w\" sizes=\"(max-width: 768px) 100vw, 768px\" \/><\/a><\/figure><div class=\"elementor-image-box-content\"><h3 class=\"elementor-image-box-title\"><a href=\"https:\/\/suacero.com\/en\/varilla-corrugada-sua-42\/\">Rebar <br>SUA-42<\/a><\/h3><\/div><\/div>\t\t\t\t<\/div>\n\t\t\t\t<\/div>\n\t\t\t\t<div class=\"elementor-element elementor-element-ffdda14 animated-slow elementor-position-top elementor-invisible elementor-widget elementor-widget-image-box\" data-id=\"ffdda14\" data-element_type=\"widget\" data-e-type=\"widget\" data-settings=\"{&quot;_animation&quot;:&quot;fadeIn&quot;,&quot;_animation_delay&quot;:250}\" data-widget_type=\"image-box.default\">\n\t\t\t\t<div class=\"elementor-widget-container\">\n\t\t\t\t\t<div class=\"elementor-image-box-wrapper\"><figure class=\"elementor-image-box-img\"><a href=\"https:\/\/suacero.com\/en\/varilla-corrugada-sua-60\/\" tabindex=\"-1\"><img decoding=\"async\" width=\"768\" height=\"884\" src=\"https:\/\/suacero.com\/wp-content\/uploads\/2024\/09\/p_company_img_3_varilla_6000.jpg\" class=\"attachment-full size-full wp-image-30420\" alt=\"\" srcset=\"https:\/\/suacero.com\/wp-content\/uploads\/2024\/09\/p_company_img_3_varilla_6000.jpg 768w, https:\/\/suacero.com\/wp-content\/uploads\/2024\/09\/p_company_img_3_varilla_6000-600x691.jpg 600w, https:\/\/suacero.com\/wp-content\/uploads\/2024\/09\/p_company_img_3_varilla_6000-261x300.jpg 261w\" sizes=\"(max-width: 768px) 100vw, 768px\" \/><\/a><\/figure><div class=\"elementor-image-box-content\"><h3 class=\"elementor-image-box-title\"><a href=\"https:\/\/suacero.com\/en\/varilla-corrugada-sua-60\/\">Rebar <br>Corrugada 60<\/a><\/h3><\/div><\/div>\t\t\t\t<\/div>\n\t\t\t\t<\/div>\n\t\t\t\t<div class=\"elementor-element elementor-element-57c586a animated-slow elementor-position-top elementor-invisible elementor-widget elementor-widget-image-box\" data-id=\"57c586a\" data-element_type=\"widget\" data-e-type=\"widget\" data-settings=\"{&quot;_animation&quot;:&quot;fadeIn&quot;,&quot;_animation_delay&quot;:500}\" data-widget_type=\"image-box.default\">\n\t\t\t\t<div class=\"elementor-widget-container\">\n\t\t\t\t\t<div class=\"elementor-image-box-wrapper\"><figure class=\"elementor-image-box-img\"><a href=\"https:\/\/suacero.com\/en\/poste-ganadero\/\" tabindex=\"-1\"><img loading=\"lazy\" decoding=\"async\" width=\"768\" height=\"884\" src=\"https:\/\/suacero.com\/wp-content\/uploads\/2024\/01\/p_company_img_3-1.jpg\" class=\"attachment-full size-full wp-image-29200\" alt=\"\" srcset=\"https:\/\/suacero.com\/wp-content\/uploads\/2024\/01\/p_company_img_3-1.jpg 768w, https:\/\/suacero.com\/wp-content\/uploads\/2024\/01\/p_company_img_3-1-600x691.jpg 600w, https:\/\/suacero.com\/wp-content\/uploads\/2024\/01\/p_company_img_3-1-261x300.jpg 261w\" sizes=\"(max-width: 768px) 100vw, 768px\" \/><\/a><\/figure><div class=\"elementor-image-box-content\"><h3 class=\"elementor-image-box-title\"><a href=\"https:\/\/suacero.com\/en\/poste-ganadero\/\">Livestock fencing posts<\/a><\/h3><\/div><\/div>\t\t\t\t<\/div>\n\t\t\t\t<\/div>\n\t\t\t\t<div class=\"elementor-element elementor-element-30c3bf3 animated-slow elementor-position-top elementor-invisible elementor-widget elementor-widget-image-box\" data-id=\"30c3bf3\" data-element_type=\"widget\" data-e-type=\"widget\" data-settings=\"{&quot;_animation&quot;:&quot;fadeIn&quot;,&quot;_animation_delay&quot;:750}\" data-widget_type=\"image-box.default\">\n\t\t\t\t<div class=\"elementor-widget-container\">\n\t\t\t\t\t<div class=\"elementor-image-box-wrapper\"><figure class=\"elementor-image-box-img\"><a href=\"https:\/\/suacero.com\/en\/alambre-pulido\/\" tabindex=\"-1\"><img loading=\"lazy\" decoding=\"async\" width=\"768\" height=\"884\" src=\"https:\/\/suacero.com\/wp-content\/uploads\/2024\/09\/p_company_img_5_alambre_pulido.jpg\" class=\"attachment-full size-full wp-image-30422\" alt=\"\" srcset=\"https:\/\/suacero.com\/wp-content\/uploads\/2024\/09\/p_company_img_5_alambre_pulido.jpg 768w, https:\/\/suacero.com\/wp-content\/uploads\/2024\/09\/p_company_img_5_alambre_pulido-600x691.jpg 600w, https:\/\/suacero.com\/wp-content\/uploads\/2024\/09\/p_company_img_5_alambre_pulido-261x300.jpg 261w\" sizes=\"(max-width: 768px) 100vw, 768px\" \/><\/a><\/figure><div class=\"elementor-image-box-content\"><h3 class=\"elementor-image-box-title\"><a href=\"https:\/\/suacero.com\/en\/alambre-pulido\/\">Annealed<br>Wire<\/a><\/h3><\/div><\/div>\t\t\t\t<\/div>\n\t\t\t\t<\/div>\n\t\t\t\t<div class=\"elementor-element elementor-element-c4125d4 animated-slow elementor-position-top elementor-invisible elementor-widget elementor-widget-image-box\" data-id=\"c4125d4\" data-element_type=\"widget\" data-e-type=\"widget\" data-settings=\"{&quot;_animation&quot;:&quot;fadeIn&quot;,&quot;_animation_delay&quot;:1000}\" data-widget_type=\"image-box.default\">\n\t\t\t\t<div class=\"elementor-widget-container\">\n\t\t\t\t\t<div class=\"elementor-image-box-wrapper\"><figure class=\"elementor-image-box-img\"><a href=\"https:\/\/suacero.com\/en\/alambre-recocido\/\" tabindex=\"-1\"><img loading=\"lazy\" decoding=\"async\" width=\"768\" height=\"884\" src=\"https:\/\/suacero.com\/wp-content\/uploads\/2024\/09\/p_company_img_6_alambre_recocido.jpg\" class=\"attachment-full size-full wp-image-30423\" alt=\"\" srcset=\"https:\/\/suacero.com\/wp-content\/uploads\/2024\/09\/p_company_img_6_alambre_recocido.jpg 768w, https:\/\/suacero.com\/wp-content\/uploads\/2024\/09\/p_company_img_6_alambre_recocido-600x691.jpg 600w, https:\/\/suacero.com\/wp-content\/uploads\/2024\/09\/p_company_img_6_alambre_recocido-261x300.jpg 261w\" sizes=\"(max-width: 768px) 100vw, 768px\" \/><\/a><\/figure><div class=\"elementor-image-box-content\"><h3 class=\"elementor-image-box-title\"><a href=\"https:\/\/suacero.com\/en\/alambre-recocido\/\">Annealed<br>Wire<\/a><\/h3><\/div><\/div>\t\t\t\t<\/div>\n\t\t\t\t<\/div>\n\t\t\t\t<div class=\"elementor-element elementor-element-35ec838 animated-slow elementor-position-top elementor-invisible elementor-widget elementor-widget-image-box\" data-id=\"35ec838\" data-element_type=\"widget\" data-e-type=\"widget\" data-settings=\"{&quot;_animation&quot;:&quot;fadeIn&quot;,&quot;_animation_delay&quot;:1250}\" data-widget_type=\"image-box.default\">\n\t\t\t\t<div class=\"elementor-widget-container\">\n\t\t\t\t\t<div class=\"elementor-image-box-wrapper\"><figure class=\"elementor-image-box-img\"><a href=\"https:\/\/suacero.com\/en\/alambron\/\" tabindex=\"-1\"><img loading=\"lazy\" decoding=\"async\" width=\"768\" height=\"884\" src=\"https:\/\/suacero.com\/wp-content\/uploads\/2024\/09\/p_company_img_7_alambron.jpg\" class=\"attachment-full size-full wp-image-30421\" alt=\"\" srcset=\"https:\/\/suacero.com\/wp-content\/uploads\/2024\/09\/p_company_img_7_alambron.jpg 768w, https:\/\/suacero.com\/wp-content\/uploads\/2024\/09\/p_company_img_7_alambron-600x691.jpg 600w, https:\/\/suacero.com\/wp-content\/uploads\/2024\/09\/p_company_img_7_alambron-261x300.jpg 261w\" sizes=\"(max-width: 768px) 100vw, 768px\" \/><\/a><\/figure><div class=\"elementor-image-box-content\"><h3 class=\"elementor-image-box-title\"><a href=\"https:\/\/suacero.com\/en\/alambron\/\">Wire Rod<\/a><\/h3><\/div><\/div>\t\t\t\t<\/div>\n\t\t\t\t<\/div>\n\t\t\t\t<\/div>\n\t\t\t\t\t<\/div>\n\t\t\t\t<\/div>\n\t\t\t\t<\/div>","protected":false},"excerpt":{"rendered":"<p>Alambr\u00f3n Producto de acero al carb\u00f3n, utilizada para la industria de la construcci\u00f3n o proceso de trefilaci\u00f3n. Especificaciones T\u00e9cnicas Peso promedio del rollo: 2,300 kg Di\u00e1metro del Rollo: Interior: 30 a 40 cms, Exterior: 50 a 55 cms. Caracter\u00edsticas Producido de alambr\u00f3n bajo carb\u00f3n grado 1004. Sometido a tratamiento t\u00e9rmico para obtener su alta ductibilidad&#8230;.<\/p>","protected":false},"author":1,"featured_media":0,"parent":0,"menu_order":0,"comment_status":"closed","ping_status":"closed","template":"elementor_header_footer","meta":{"_eb_attr":"","footnotes":""},"class_list":["post-30158","page","type-page","status-publish","hentry"],"_links":{"self":[{"href":"https:\/\/suacero.com\/en\/wp-json\/wp\/v2\/pages\/30158","targetHints":{"allow":["GET"]}}],"collection":[{"href":"https:\/\/suacero.com\/en\/wp-json\/wp\/v2\/pages"}],"about":[{"href":"https:\/\/suacero.com\/en\/wp-json\/wp\/v2\/types\/page"}],"author":[{"embeddable":true,"href":"https:\/\/suacero.com\/en\/wp-json\/wp\/v2\/users\/1"}],"replies":[{"embeddable":true,"href":"https:\/\/suacero.com\/en\/wp-json\/wp\/v2\/comments?post=30158"}],"version-history":[{"count":5,"href":"https:\/\/suacero.com\/en\/wp-json\/wp\/v2\/pages\/30158\/revisions"}],"predecessor-version":[{"id":31721,"href":"https:\/\/suacero.com\/en\/wp-json\/wp\/v2\/pages\/30158\/revisions\/31721"}],"wp:attachment":[{"href":"https:\/\/suacero.com\/en\/wp-json\/wp\/v2\/media?parent=30158"}],"curies":[{"name":"wp","href":"https:\/\/api.w.org\/{rel}","templated":true}]}}