{"id":29575,"date":"2024-08-20T00:17:58","date_gmt":"2024-08-20T06:17:58","guid":{"rendered":"https:\/\/suacero.com\/?page_id=29575"},"modified":"2025-07-09T18:59:42","modified_gmt":"2025-07-10T00:59:42","slug":"nuestra-gente","status":"publish","type":"page","link":"https:\/\/suacero.com\/es\/nuestra-gente\/","title":{"rendered":"Nuestra Gente"},"content":{"rendered":"\t\t<div data-elementor-type=\"wp-page\" data-elementor-id=\"29575\" class=\"elementor elementor-29575\" data-elementor-post-type=\"page\">\n\t\t\t\t<div class=\"elementor-element elementor-element-490a6d4 e-con-full e-flex e-con e-parent\" data-id=\"490a6d4\" data-element_type=\"container\" data-e-type=\"container\">\n\t\t\t\t<\/div>\n\t\t<div class=\"elementor-element elementor-element-5d943c3 e-flex e-con-boxed e-con e-parent\" data-id=\"5d943c3\" data-element_type=\"container\" data-e-type=\"container\" data-settings=\"{&quot;background_background&quot;:&quot;video&quot;,&quot;background_video_link&quot;:&quot;https:\\\/\\\/suacero.com\\\/wp-content\\\/uploads\\\/2025\\\/01\\\/GENTE-V2-AZUL.mp4&quot;,&quot;background_play_on_mobile&quot;:&quot;yes&quot;}\">\n\t\t\t\t\t<div class=\"e-con-inner\">\n\t\t<div class=\"elementor-background-video-container\">\n\t\t\t\t\t\t\t<video class=\"elementor-background-video-hosted\" role=\"presentation\" autoplay muted playsinline loop><\/video>\n\t\t\t\t\t<\/div><div class=\"elementor-element elementor-element-372f1a4 e-con-full e-flex e-con e-child\" data-id=\"372f1a4\" data-element_type=\"container\" data-e-type=\"container\">\n\t\t\t\t<div class=\"elementor-element elementor-element-3dca701 elementor-widget elementor-widget-heading\" data-id=\"3dca701\" data-element_type=\"widget\" data-e-type=\"widget\" data-widget_type=\"heading.default\">\n\t\t\t\t<div class=\"elementor-widget-container\">\n\t\t\t\t\t<h2 class=\"elementor-heading-title elementor-size-default\">Nuestra gente es nuestro orgullo y fortaleza<\/h2>\t\t\t\t<\/div>\n\t\t\t\t<\/div>\n\t\t\t\t<\/div>\n\t\t\t\t\t<\/div>\n\t\t\t\t<\/div>\n\t\t<div class=\"elementor-element elementor-element-4af1019 e-grid e-con-boxed e-con e-parent\" data-id=\"4af1019\" data-element_type=\"container\" data-e-type=\"container\">\n\t\t\t\t\t<div class=\"e-con-inner\">\n\t\t<div class=\"elementor-element elementor-element-3e3854c e-con-full e-flex e-con e-child\" data-id=\"3e3854c\" data-element_type=\"container\" data-e-type=\"container\">\n\t\t\t\t<div class=\"elementor-element elementor-element-654cf34 elementor-widget elementor-widget-text-editor\" data-id=\"654cf34\" data-element_type=\"widget\" data-e-type=\"widget\" data-widget_type=\"text-editor.default\">\n\t\t\t\t<div class=\"elementor-widget-container\">\n\t\t\t\t\t\t\t\t\t<p>Nuestra Gente<\/p>\t\t\t\t\t\t\t\t<\/div>\n\t\t\t\t<\/div>\n\t\t\t\t<div class=\"elementor-element elementor-element-dc67607 elementor-widget elementor-widget-text-editor\" data-id=\"dc67607\" data-element_type=\"widget\" data-e-type=\"widget\" data-widget_type=\"text-editor.default\">\n\t\t\t\t<div class=\"elementor-widget-container\">\n\t\t\t\t\t\t\t\t\t<p class=\"p1\"><span style=\"font-weight: 400;\">Creemos firmemente que la verdadera fortaleza de Suacero reside en las personas que la integran. Conoce m\u00e1s sobre quienes conforman esta empresa.\u00a0<\/span> Nuestros colaboradores son personas comprometidas que se sienten orgullosas de pertenecer a esta gran familia, siempre buscando el beneficio propio, el de la empresa, sus compa\u00f1eros y todas nuestras relaciones estrat\u00e9gicas.<\/p>\t\t\t\t\t\t\t\t<\/div>\n\t\t\t\t<\/div>\n\t\t\t\t<div class=\"elementor-element elementor-element-f756694 elementor-widget elementor-widget-text-editor\" data-id=\"f756694\" data-element_type=\"widget\" data-e-type=\"widget\" data-widget_type=\"text-editor.default\">\n\t\t\t\t<div class=\"elementor-widget-container\">\n\t\t\t\t\t\t\t\t\t<p class=\"p1\">Adem\u00e1s, aportan valor a la comunidad, cuidan el medio ambiente, participan en causas sociales. Consientes y orgullosos de<strong> representar los valores de Suacero en todos los aspectos de su vida.<\/strong><\/p>\t\t\t\t\t\t\t\t<\/div>\n\t\t\t\t<\/div>\n\t\t\t\t<\/div>\n\t\t<div class=\"elementor-element elementor-element-08dabe1 e-con-full e-flex e-con e-child\" data-id=\"08dabe1\" data-element_type=\"container\" data-e-type=\"container\">\n\t\t\t\t<div class=\"elementor-element elementor-element-f378f44 elementor-widget elementor-widget-image\" data-id=\"f378f44\" data-element_type=\"widget\" data-e-type=\"widget\" data-widget_type=\"image.default\">\n\t\t\t\t<div class=\"elementor-widget-container\">\n\t\t\t\t\t\t\t\t\t\t\t\t\t\t\t<img fetchpriority=\"high\" decoding=\"async\" width=\"1419\" height=\"1014\" src=\"https:\/\/suacero.com\/wp-content\/uploads\/2024\/08\/images_13.jpg\" class=\"attachment-full size-full wp-image-29587\" alt=\"\" srcset=\"https:\/\/suacero.com\/wp-content\/uploads\/2024\/08\/images_13.jpg 1419w, https:\/\/suacero.com\/wp-content\/uploads\/2024\/08\/images_13-600x429.jpg 600w, https:\/\/suacero.com\/wp-content\/uploads\/2024\/08\/images_13-300x214.jpg 300w, https:\/\/suacero.com\/wp-content\/uploads\/2024\/08\/images_13-1024x732.jpg 1024w, https:\/\/suacero.com\/wp-content\/uploads\/2024\/08\/images_13-768x549.jpg 768w\" sizes=\"(max-width: 1419px) 100vw, 1419px\" \/>\t\t\t\t\t\t\t\t\t\t\t\t\t\t\t<\/div>\n\t\t\t\t<\/div>\n\t\t\t\t<div class=\"elementor-element elementor-element-3aafac0 elementor-widget elementor-widget-image\" data-id=\"3aafac0\" data-element_type=\"widget\" data-e-type=\"widget\" data-widget_type=\"image.default\">\n\t\t\t\t<div class=\"elementor-widget-container\">\n\t\t\t\t\t\t\t\t\t\t\t\t\t\t\t<img decoding=\"async\" width=\"1419\" height=\"1014\" src=\"https:\/\/suacero.com\/wp-content\/uploads\/2024\/11\/gente-2.png\" class=\"attachment-full size-full wp-image-30886\" alt=\"\" srcset=\"https:\/\/suacero.com\/wp-content\/uploads\/2024\/11\/gente-2.png 1419w, https:\/\/suacero.com\/wp-content\/uploads\/2024\/11\/gente-2-300x214.png 300w, https:\/\/suacero.com\/wp-content\/uploads\/2024\/11\/gente-2-1024x732.png 1024w, https:\/\/suacero.com\/wp-content\/uploads\/2024\/11\/gente-2-768x549.png 768w, https:\/\/suacero.com\/wp-content\/uploads\/2024\/11\/gente-2-600x429.png 600w\" sizes=\"(max-width: 1419px) 100vw, 1419px\" \/>\t\t\t\t\t\t\t\t\t\t\t\t\t\t\t<\/div>\n\t\t\t\t<\/div>\n\t\t\t\t<\/div>\n\t\t\t\t\t<\/div>\n\t\t\t\t<\/div>\n\t\t<div class=\"elementor-element elementor-element-2bb08e5 e-grid e-con-full e-con e-parent\" data-id=\"2bb08e5\" data-element_type=\"container\" data-e-type=\"container\" data-settings=\"{&quot;background_background&quot;:&quot;classic&quot;}\">\n\t\t<div class=\"elementor-element elementor-element-b0cdaf4 e-con-full e-flex e-con e-child\" data-id=\"b0cdaf4\" data-element_type=\"container\" data-e-type=\"container\">\n\t\t\t\t<div class=\"elementor-element elementor-element-0d78f5a elementor-widget elementor-widget-text-editor\" data-id=\"0d78f5a\" data-element_type=\"widget\" data-e-type=\"widget\" data-widget_type=\"text-editor.default\">\n\t\t\t\t<div class=\"elementor-widget-container\">\n\t\t\t\t\t\t\t\t\t<p>\u00a1Tu talento nos inspira a seguir creciendo juntos!<\/p>\t\t\t\t\t\t\t\t<\/div>\n\t\t\t\t<\/div>\n\t\t\t\t<div class=\"elementor-element elementor-element-d7431bc elementor-widget__width-initial elementor-widget elementor-widget-text-editor\" data-id=\"d7431bc\" data-element_type=\"widget\" data-e-type=\"widget\" data-widget_type=\"text-editor.default\">\n\t\t\t\t<div class=\"elementor-widget-container\">\n\t\t\t\t\t\t\t\t\t<p>En Suacero, valoramos el talento y creemos en el poder de las personas para marcar la diferencia.<\/p><p><strong>Aqu\u00ed podr\u00e1s registrar tu informaci\u00f3n<\/strong> , lo que nos permitir\u00e1 tenerte en cuenta para las <strong>oportunidades laborales que publicamos desde nuestro departamento de Reclutamiento y Selecci\u00f3n.<\/strong><\/p><p><strong>\u00a0<\/strong><\/p>\t\t\t\t\t\t\t\t<\/div>\n\t\t\t\t<\/div>\n\t\t\t\t<\/div>\n\t\t<div class=\"elementor-element elementor-element-3814ab2 e-con-full e-flex e-con e-child\" data-id=\"3814ab2\" data-element_type=\"container\" data-e-type=\"container\" data-settings=\"{&quot;background_background&quot;:&quot;classic&quot;}\">\n\t\t\t\t<\/div>\n\t\t\t\t<\/div>\n\t\t<div class=\"elementor-element elementor-element-8dcdb0d e-flex e-con-boxed e-con e-parent\" data-id=\"8dcdb0d\" data-element_type=\"container\" data-e-type=\"container\">\n\t\t\t\t\t<div class=\"e-con-inner\">\n\t\t\t\t<div class=\"elementor-element elementor-element-19bfcf1 elementor-widget elementor-widget-text-editor\" data-id=\"19bfcf1\" data-element_type=\"widget\" data-e-type=\"widget\" data-widget_type=\"text-editor.default\">\n\t\t\t\t<div class=\"elementor-widget-container\">\n\t\t\t\t\t\t\t\t\t<p>Cont\u00e1ctanos:<\/p>\t\t\t\t\t\t\t\t<\/div>\n\t\t\t\t<\/div>\n\t\t\t\t<div class=\"elementor-element elementor-element-6d6d866 elementor-button-align-stretch elementor-widget elementor-widget-form\" data-id=\"6d6d866\" data-element_type=\"widget\" data-e-type=\"widget\" data-settings=\"{&quot;step_next_label&quot;:&quot;Siguiente&quot;,&quot;step_previous_label&quot;:&quot;Anterior&quot;,&quot;button_width&quot;:&quot;100&quot;,&quot;step_type&quot;:&quot;number_text&quot;,&quot;step_icon_shape&quot;:&quot;circle&quot;}\" data-widget_type=\"form.default\">\n\t\t\t\t<div class=\"elementor-widget-container\">\n\t\t\t\t\t\t\t<form class=\"elementor-form\" method=\"post\" name=\"Nuevo formulario\" aria-label=\"Nuevo formulario\">\n\t\t\t<input type=\"hidden\" name=\"post_id\" value=\"29575\"\/>\n\t\t\t<input type=\"hidden\" name=\"form_id\" value=\"6d6d866\"\/>\n\t\t\t<input type=\"hidden\" name=\"referer_title\" value=\"Nuestra Gente\" \/>\n\n\t\t\t\t\t\t\t<input type=\"hidden\" name=\"queried_id\" value=\"29575\"\/>\n\t\t\t\n\t\t\t<div class=\"elementor-form-fields-wrapper elementor-labels-\">\n\t\t\t\t\t\t\t\t<div class=\"elementor-field-type-text elementor-field-group elementor-column elementor-field-group-name elementor-col-100 elementor-field-required\">\n\t\t\t\t\t\t\t\t\t\t\t\t<label for=\"form-field-name\" class=\"elementor-field-label elementor-screen-only\">\n\t\t\t\t\t\t\t\tNombre\t\t\t\t\t\t\t<\/label>\n\t\t\t\t\t\t\t\t\t\t\t\t\t\t<input size=\"1\" type=\"text\" name=\"form_fields[name]\" id=\"form-field-name\" class=\"elementor-field elementor-size-sm  elementor-field-textual\" placeholder=\"Nombre completo\" required=\"required\">\n\t\t\t\t\t\t\t\t\t\t\t<\/div>\n\t\t\t\t\t\t\t\t<div class=\"elementor-field-type-email elementor-field-group elementor-column elementor-field-group-email elementor-col-100 elementor-field-required\">\n\t\t\t\t\t\t\t\t\t\t\t\t<label for=\"form-field-email\" class=\"elementor-field-label elementor-screen-only\">\n\t\t\t\t\t\t\t\tCorreo electr\u00f3nico\t\t\t\t\t\t\t<\/label>\n\t\t\t\t\t\t\t\t\t\t\t\t\t\t<input size=\"1\" type=\"email\" name=\"form_fields[email]\" id=\"form-field-email\" class=\"elementor-field elementor-size-sm  elementor-field-textual\" placeholder=\"Correo electr\u00f3nico\" required=\"required\">\n\t\t\t\t\t\t\t\t\t\t\t<\/div>\n\t\t\t\t\t\t\t\t<div class=\"elementor-field-type-tel elementor-field-group elementor-column elementor-field-group-field_19020f6 elementor-col-100 elementor-field-required\">\n\t\t\t\t\t\t\t\t\t\t\t\t<label for=\"form-field-field_19020f6\" class=\"elementor-field-label elementor-screen-only\">\n\t\t\t\t\t\t\t\tTel\u00e9fono\t\t\t\t\t\t\t<\/label>\n\t\t\t\t\t\t\t\t<input size=\"1\" type=\"tel\" name=\"form_fields[field_19020f6]\" id=\"form-field-field_19020f6\" class=\"elementor-field elementor-size-sm  elementor-field-textual\" placeholder=\"Tel\u00e9fono\" required=\"required\" pattern=\"[0-9()#&amp;+*-=.]+\" title=\"Only numbers and phone characters (#, -, *, etc) are accepted.\">\n\n\t\t\t\t\t\t<\/div>\n\t\t\t\t\t\t\t\t<div class=\"elementor-field-type-textarea elementor-field-group elementor-column elementor-field-group-message elementor-col-100\">\n\t\t\t\t\t\t\t\t\t\t\t\t<label for=\"form-field-message\" class=\"elementor-field-label elementor-screen-only\">\n\t\t\t\t\t\t\t\tMensaje\t\t\t\t\t\t\t<\/label>\n\t\t\t\t\t\t<textarea class=\"elementor-field-textual elementor-field  elementor-size-sm\" name=\"form_fields[message]\" id=\"form-field-message\" rows=\"4\" placeholder=\"\u00bfPor qu\u00e9 te interesa trabajar con nosotros?\"><\/textarea>\t\t\t\t<\/div>\n\t\t\t\t\t\t\t\t<div class=\"elementor-field-type-upload elementor-field-group elementor-column elementor-field-group-field_9547065 elementor-col-100\">\n\t\t\t\t\t\t\t\t\t\t\t\t<label for=\"form-field-field_9547065\" class=\"elementor-field-label elementor-screen-only\">\n\t\t\t\t\t\t\t\tAdjunta tu CV en archivo DOC\/PDF\t\t\t\t\t\t\t<\/label>\n\t\t\t\t\t\t\t\t<input type=\"file\" name=\"form_fields[field_9547065]\" id=\"form-field-field_9547065\" class=\"elementor-field elementor-size-sm  elementor-upload-field\" data-maxsize=\"10\" data-maxsize-message=\"This file exceeds the maximum allowed size.\">\n\n\t\t\t\t\t\t<\/div>\n\t\t\t\t\t\t\t\t<div class=\"elementor-field-type-recaptcha_v3 elementor-field-group elementor-column elementor-field-group-field_ad3b60f elementor-col-100 recaptcha_v3-inline\">\n\t\t\t\t\t<div class=\"elementor-field\" id=\"form-field-field_ad3b60f\"><div class=\"elementor-g-recaptcha\" data-sitekey=\"6LdO6yYrAAAAAD5rOFNyAAAN9TBru620Lsq0q1rA\" data-type=\"v3\" data-action=\"Form\" data-badge=\"inline\" data-size=\"invisible\"><\/div><\/div>\t\t\t\t<\/div>\n\t\t\t\t\t\t\t\t<div class=\"elementor-field-group elementor-column elementor-field-type-submit elementor-col-100 e-form__buttons\">\n\t\t\t\t\t<button class=\"elementor-button elementor-size-sm\" type=\"submit\">\n\t\t\t\t\t\t<span class=\"elementor-button-content-wrapper\">\n\t\t\t\t\t\t\t\t\t\t\t\t\t\t\t\t\t\t\t\t\t\t<span class=\"elementor-button-text\">Enviar<\/span>\n\t\t\t\t\t\t\t\t\t\t\t\t\t<\/span>\n\t\t\t\t\t<\/button>\n\t\t\t\t<\/div>\n\t\t\t<\/div>\n\t\t<\/form>\n\t\t\t\t\t\t<\/div>\n\t\t\t\t<\/div>\n\t\t\t\t\t<\/div>\n\t\t\t\t<\/div>\n\t\t\t\t<\/div>\n\t\t","protected":false},"excerpt":{"rendered":"<p>Nuestra gente es nuestro orgullo y fortaleza Nuestra Gente Creemos firmemente que la verdadera fortaleza de Suacero reside en las personas que la integran. Conoce m\u00e1s sobre quienes conforman esta empresa.\u00a0 Nuestros colaboradores son personas comprometidas que se sienten orgullosas de pertenecer a esta gran familia, siempre buscando el beneficio propio, el de la empresa,&#8230;<\/p>\n","protected":false},"author":1,"featured_media":0,"parent":0,"menu_order":0,"comment_status":"closed","ping_status":"closed","template":"elementor_header_footer","meta":{"_eb_attr":"","footnotes":""},"class_list":["post-29575","page","type-page","status-publish","hentry"],"_links":{"self":[{"href":"https:\/\/suacero.com\/es\/wp-json\/wp\/v2\/pages\/29575","targetHints":{"allow":["GET"]}}],"collection":[{"href":"https:\/\/suacero.com\/es\/wp-json\/wp\/v2\/pages"}],"about":[{"href":"https:\/\/suacero.com\/es\/wp-json\/wp\/v2\/types\/page"}],"author":[{"embeddable":true,"href":"https:\/\/suacero.com\/es\/wp-json\/wp\/v2\/users\/1"}],"replies":[{"embeddable":true,"href":"https:\/\/suacero.com\/es\/wp-json\/wp\/v2\/comments?post=29575"}],"version-history":[{"count":5,"href":"https:\/\/suacero.com\/es\/wp-json\/wp\/v2\/pages\/29575\/revisions"}],"predecessor-version":[{"id":31729,"href":"https:\/\/suacero.com\/es\/wp-json\/wp\/v2\/pages\/29575\/revisions\/31729"}],"wp:attachment":[{"href":"https:\/\/suacero.com\/es\/wp-json\/wp\/v2\/media?parent=29575"}],"curies":[{"name":"wp","href":"https:\/\/api.w.org\/{rel}","templated":true}]}}