{"id":29615,"date":"2024-08-20T00:44:12","date_gmt":"2024-08-20T06:44:12","guid":{"rendered":"https:\/\/suacero.com\/?page_id=29615"},"modified":"2025-04-22T11:52:06","modified_gmt":"2025-04-22T16:52:06","slug":"responsabilidad-ambiental","status":"publish","type":"page","link":"https:\/\/suacero.com\/es\/responsabilidad-ambiental\/","title":{"rendered":"Responsabilidad Ambiental"},"content":{"rendered":"\t\t<div data-elementor-type=\"wp-page\" data-elementor-id=\"29615\" class=\"elementor elementor-29615\" data-elementor-post-type=\"page\">\n\t\t\t\t<div class=\"elementor-element elementor-element-490a6d4 e-con-full e-flex e-con e-parent\" data-id=\"490a6d4\" data-element_type=\"container\" data-e-type=\"container\">\n\t\t\t\t<\/div>\n\t\t<div class=\"elementor-element elementor-element-0aebf76 e-flex e-con-boxed e-con e-parent\" data-id=\"0aebf76\" data-element_type=\"container\" data-e-type=\"container\" data-settings=\"{&quot;background_background&quot;:&quot;classic&quot;}\">\n\t\t\t\t\t<div class=\"e-con-inner\">\n\t\t<div class=\"elementor-element elementor-element-3a78006 e-con-full e-flex e-con e-child\" data-id=\"3a78006\" data-element_type=\"container\" data-e-type=\"container\">\n\t\t\t\t<div class=\"elementor-element elementor-element-8f9f017 elementor-widget elementor-widget-text-editor\" data-id=\"8f9f017\" data-element_type=\"widget\" data-e-type=\"widget\" data-widget_type=\"text-editor.default\">\n\t\t\t\t<div class=\"elementor-widget-container\">\n\t\t\t\t\t\t\t\t\t<p><strong>Nuestro compromiso <\/strong>es con <br \/>el <strong>medio ambiente <\/strong>y la <strong>comunidad.<\/strong><\/p>\t\t\t\t\t\t\t\t<\/div>\n\t\t\t\t<\/div>\n\t\t\t\t<\/div>\n\t\t\t\t\t<\/div>\n\t\t\t\t<\/div>\n\t\t<div class=\"elementor-element elementor-element-4af1019 e-grid e-con-boxed e-con e-parent\" data-id=\"4af1019\" data-element_type=\"container\" data-e-type=\"container\">\n\t\t\t\t\t<div class=\"e-con-inner\">\n\t\t<div class=\"elementor-element elementor-element-3e3854c e-con-full e-flex e-con e-child\" data-id=\"3e3854c\" data-element_type=\"container\" data-e-type=\"container\">\n\t\t\t\t<div class=\"elementor-element elementor-element-1dd7d63 elementor-widget elementor-widget-text-editor\" data-id=\"1dd7d63\" data-element_type=\"widget\" data-e-type=\"widget\" data-widget_type=\"text-editor.default\">\n\t\t\t\t<div class=\"elementor-widget-container\">\n\t\t\t\t\t\t\t\t\t<p>Uno de nuestros principales valores es el <strong>compromiso con el medio ambiente.<\/strong><\/p>\t\t\t\t\t\t\t\t<\/div>\n\t\t\t\t<\/div>\n\t\t\t\t<div class=\"elementor-element elementor-element-dc67607 elementor-widget elementor-widget-text-editor\" data-id=\"dc67607\" data-element_type=\"widget\" data-e-type=\"widget\" data-widget_type=\"text-editor.default\">\n\t\t\t\t<div class=\"elementor-widget-container\">\n\t\t\t\t\t\t\t\t\t<p class=\"p1\">Buscamos reducir nuestra huella de carbono y contribuir a la sustentabilidad del planeta a trav\u00e9s de pr\u00e1cticas y pol\u00edticas que promueven la eficiencia energ\u00e9tica, minimizando el desperdicio de recursos y fomentando el reciclaje:<\/p>\t\t\t\t\t\t\t\t<\/div>\n\t\t\t\t<\/div>\n\t\t\t\t<\/div>\n\t\t<div class=\"elementor-element elementor-element-08dabe1 e-con-full e-flex e-con e-child\" data-id=\"08dabe1\" data-element_type=\"container\" data-e-type=\"container\">\n\t\t\t\t<div class=\"elementor-element elementor-element-f378f44 elementor-widget elementor-widget-image\" data-id=\"f378f44\" data-element_type=\"widget\" data-e-type=\"widget\" data-widget_type=\"image.default\">\n\t\t\t\t<div class=\"elementor-widget-container\">\n\t\t\t\t\t\t\t\t\t\t\t\t\t\t\t<img fetchpriority=\"high\" decoding=\"async\" width=\"853\" height=\"705\" src=\"https:\/\/suacero.com\/wp-content\/uploads\/2024\/08\/sustentabilidad.jpg\" class=\"attachment-full size-full wp-image-29604\" alt=\"\" srcset=\"https:\/\/suacero.com\/wp-content\/uploads\/2024\/08\/sustentabilidad.jpg 853w, https:\/\/suacero.com\/wp-content\/uploads\/2024\/08\/sustentabilidad-600x496.jpg 600w, https:\/\/suacero.com\/wp-content\/uploads\/2024\/08\/sustentabilidad-300x248.jpg 300w, https:\/\/suacero.com\/wp-content\/uploads\/2024\/08\/sustentabilidad-768x635.jpg 768w\" sizes=\"(max-width: 853px) 100vw, 853px\" \/>\t\t\t\t\t\t\t\t\t\t\t\t\t\t\t<\/div>\n\t\t\t\t<\/div>\n\t\t\t\t<\/div>\n\t\t\t\t\t<\/div>\n\t\t\t\t<\/div>\n\t\t<div class=\"elementor-element elementor-element-43dcaeb e-grid e-con-boxed e-con e-parent\" data-id=\"43dcaeb\" data-element_type=\"container\" data-e-type=\"container\" data-settings=\"{&quot;background_background&quot;:&quot;classic&quot;}\">\n\t\t\t\t\t<div class=\"e-con-inner\">\n\t\t<div class=\"elementor-element elementor-element-4ce2148 e-con-full e-flex e-con e-child\" data-id=\"4ce2148\" data-element_type=\"container\" data-e-type=\"container\">\n\t\t\t\t<div class=\"elementor-element elementor-element-a8fa674 elementor-widget elementor-widget-text-editor\" data-id=\"a8fa674\" data-element_type=\"widget\" data-e-type=\"widget\" data-widget_type=\"text-editor.default\">\n\t\t\t\t<div class=\"elementor-widget-container\">\n\t\t\t\t\t\t\t\t\t<p>Acciones y pr\u00e1cticas a favor del medio ambiente:\u00a0<\/p>\t\t\t\t\t\t\t\t<\/div>\n\t\t\t\t<\/div>\n\t\t\t\t<\/div>\n\t\t\t\t<div class=\"elementor-element elementor-element-065ccae elementor-widget__width-inherit elementor-widget elementor-widget-text-editor\" data-id=\"065ccae\" data-element_type=\"widget\" data-e-type=\"widget\" data-widget_type=\"text-editor.default\">\n\t\t\t\t<div class=\"elementor-widget-container\">\n\t\t\t\t\t\t\t\t\t<ul><li><p class=\"p1\">Utilizamos materia prima 100% reciclable.<\/p><\/li><li><p class=\"p1\">La energ\u00eda necesaria para nuestros procesos proviene de fuentes renovables.<\/p><\/li><li><p class=\"p1\">Reusamos y tratamos del agua para nuestro proceso de fabricaci\u00f3n.<\/p><\/li><li><p class=\"p1\">Contamos con equipos de alta tecnolog\u00eda para el control de contaminantes a la atm\u00f3sfera.<\/p><\/li><li><p class=\"p1\">Nuestra moderna Planta de Humos nos permite recuperar polvo de nuestro proceso del que se aprovechan sus residuos.<\/p><\/li><\/ul>\t\t\t\t\t\t\t\t<\/div>\n\t\t\t\t<\/div>\n\t\t\t\t\t<\/div>\n\t\t\t\t<\/div>\n\t\t<div class=\"elementor-element elementor-element-9e0780c e-grid e-con-boxed e-con e-parent\" data-id=\"9e0780c\" data-element_type=\"container\" data-e-type=\"container\">\n\t\t\t\t\t<div class=\"e-con-inner\">\n\t\t<div class=\"elementor-element elementor-element-a47f289 e-con-full e-flex e-con e-child\" data-id=\"a47f289\" data-element_type=\"container\" data-e-type=\"container\">\n\t\t\t\t<div class=\"elementor-element elementor-element-3b0de60 elementor-widget elementor-widget-text-editor\" data-id=\"3b0de60\" data-element_type=\"widget\" data-e-type=\"widget\" data-widget_type=\"text-editor.default\">\n\t\t\t\t<div class=\"elementor-widget-container\">\n\t\t\t\t\t\t\t\t\t<p>Campa\u00f1a de Reforestaci\u00f3n\u00a0<\/p><p><strong>Suacero Verde<\/strong><\/p>\t\t\t\t\t\t\t\t<\/div>\n\t\t\t\t<\/div>\n\t\t\t\t<div class=\"elementor-element elementor-element-dcaa5e8 elementor-widget elementor-widget-text-editor\" data-id=\"dcaa5e8\" data-element_type=\"widget\" data-e-type=\"widget\" data-widget_type=\"text-editor.default\">\n\t\t\t\t<div class=\"elementor-widget-container\">\n\t\t\t\t\t\t\t\t\t<p class=\"p1\">Cada a\u00f1o, reafirmamos nuestro compromiso con la conservaci\u00f3n de la biodiversidad mediante la campa\u00f1a <strong>&#8220;Suacero Verde&#8221; .<\/strong><\/p><p class=\"p1\">Nuestros colaboradores y sus familias han sembrado la cantidad suficiente de \u00e1rboles para que, una vez que crezcan, generen ox\u00edgeno para m\u00e1s de1,500 personas.<\/p><p class=\"p1\">Seguiremos cultivando esta iniciativa, haciendo que la cultura verde sea parte entra\u00f1able de nuestro d\u00eda d\u00eda.<\/p>\t\t\t\t\t\t\t\t<\/div>\n\t\t\t\t<\/div>\n\t\t\t\t<\/div>\n\t\t<div class=\"elementor-element elementor-element-ffea543 e-con-full e-flex e-con e-child\" data-id=\"ffea543\" data-element_type=\"container\" data-e-type=\"container\">\n\t\t\t\t<div class=\"elementor-element elementor-element-946cdb6 elementor-widget elementor-widget-image\" data-id=\"946cdb6\" data-element_type=\"widget\" data-e-type=\"widget\" data-widget_type=\"image.default\">\n\t\t\t\t<div class=\"elementor-widget-container\">\n\t\t\t\t\t\t\t\t\t\t\t\t\t\t\t<img decoding=\"async\" width=\"1670\" height=\"1582\" src=\"https:\/\/suacero.com\/wp-content\/uploads\/2024\/11\/Captura-de-pantalla-2024-11-20-a-las-20.41.04.png\" class=\"attachment-full size-full wp-image-30850\" alt=\"\" srcset=\"https:\/\/suacero.com\/wp-content\/uploads\/2024\/11\/Captura-de-pantalla-2024-11-20-a-las-20.41.04.png 1670w, https:\/\/suacero.com\/wp-content\/uploads\/2024\/11\/Captura-de-pantalla-2024-11-20-a-las-20.41.04-300x284.png 300w, https:\/\/suacero.com\/wp-content\/uploads\/2024\/11\/Captura-de-pantalla-2024-11-20-a-las-20.41.04-1024x970.png 1024w, https:\/\/suacero.com\/wp-content\/uploads\/2024\/11\/Captura-de-pantalla-2024-11-20-a-las-20.41.04-768x728.png 768w, https:\/\/suacero.com\/wp-content\/uploads\/2024\/11\/Captura-de-pantalla-2024-11-20-a-las-20.41.04-1536x1455.png 1536w, https:\/\/suacero.com\/wp-content\/uploads\/2024\/11\/Captura-de-pantalla-2024-11-20-a-las-20.41.04-600x568.png 600w\" sizes=\"(max-width: 1670px) 100vw, 1670px\" \/>\t\t\t\t\t\t\t\t\t\t\t\t\t\t\t<\/div>\n\t\t\t\t<\/div>\n\t\t\t\t<\/div>\n\t\t\t\t\t<\/div>\n\t\t\t\t<\/div>\n\t\t<div class=\"elementor-element elementor-element-b59300f e-grid e-con-full e-con e-parent\" data-id=\"b59300f\" data-element_type=\"container\" data-e-type=\"container\">\n\t\t<div class=\"elementor-element elementor-element-5cb0c6d e-flex e-con-boxed e-con e-child\" data-id=\"5cb0c6d\" data-element_type=\"container\" data-e-type=\"container\">\n\t\t\t\t\t<div class=\"e-con-inner\">\n\t\t\t\t<div class=\"elementor-element elementor-element-bb6f0ea elementor-widget elementor-widget-text-editor\" data-id=\"bb6f0ea\" data-element_type=\"widget\" data-e-type=\"widget\" data-widget_type=\"text-editor.default\">\n\t\t\t\t<div class=\"elementor-widget-container\">\n\t\t\t\t\t\t\t\t\t<p><strong>Participamos<\/strong><br \/><strong>activamente con:<\/strong><\/p>\t\t\t\t\t\t\t\t<\/div>\n\t\t\t\t<\/div>\n\t\t\t\t\t<\/div>\n\t\t\t\t<\/div>\n\t\t<div class=\"elementor-element elementor-element-9febcdd e-flex e-con-boxed e-con e-child\" data-id=\"9febcdd\" data-element_type=\"container\" data-e-type=\"container\">\n\t\t\t\t\t<div class=\"e-con-inner\">\n\t\t\t\t<div class=\"elementor-element elementor-element-7a9eeda elementor-arrows-position-inside elementor-pagination-position-outside elementor-widget elementor-widget-image-carousel\" data-id=\"7a9eeda\" data-element_type=\"widget\" data-e-type=\"widget\" data-settings=\"{&quot;slides_to_show&quot;:&quot;2&quot;,&quot;navigation&quot;:&quot;both&quot;,&quot;autoplay&quot;:&quot;yes&quot;,&quot;pause_on_hover&quot;:&quot;yes&quot;,&quot;pause_on_interaction&quot;:&quot;yes&quot;,&quot;autoplay_speed&quot;:5000,&quot;infinite&quot;:&quot;yes&quot;,&quot;speed&quot;:500}\" data-widget_type=\"image-carousel.default\">\n\t\t\t\t<div class=\"elementor-widget-container\">\n\t\t\t\t\t\t\t<div class=\"elementor-image-carousel-wrapper swiper\" role=\"region\" aria-roledescription=\"carousel\" aria-label=\"Carrusel de im\u00e1genes\" dir=\"ltr\">\n\t\t\t<div class=\"elementor-image-carousel swiper-wrapper\" aria-live=\"off\">\n\t\t\t\t\t\t\t\t<div class=\"swiper-slide\" role=\"group\" aria-roledescription=\"slide\" aria-label=\"1 de 2\"><figure class=\"swiper-slide-inner\"><img decoding=\"async\" class=\"swiper-slide-image\" src=\"https:\/\/suacero.com\/wp-content\/uploads\/2024\/08\/ptnr-2.png\" alt=\"ptnr-2\" \/><\/figure><\/div><div class=\"swiper-slide\" role=\"group\" aria-roledescription=\"slide\" aria-label=\"2 de 2\"><figure class=\"swiper-slide-inner\"><img decoding=\"async\" class=\"swiper-slide-image\" src=\"https:\/\/suacero.com\/wp-content\/uploads\/2024\/08\/ptnr-1-2.png\" alt=\"ptnr-1\" \/><\/figure><\/div>\t\t\t<\/div>\n\t\t\t\t\t\t\t\t\t\t\t\t<div class=\"elementor-swiper-button elementor-swiper-button-prev\" role=\"button\" tabindex=\"0\">\n\t\t\t\t\t\t<svg aria-hidden=\"true\" class=\"e-font-icon-svg e-eicon-chevron-left\" viewBox=\"0 0 1000 1000\" xmlns=\"http:\/\/www.w3.org\/2000\/svg\"><path d=\"M646 125C629 125 613 133 604 142L308 442C296 454 292 471 292 487 292 504 296 521 308 533L604 854C617 867 629 875 646 875 663 875 679 871 692 858 704 846 713 829 713 812 713 796 708 779 692 767L438 487 692 225C700 217 708 204 708 187 708 171 704 154 692 142 675 129 663 125 646 125Z\"><\/path><\/svg>\t\t\t\t\t<\/div>\n\t\t\t\t\t<div class=\"elementor-swiper-button elementor-swiper-button-next\" role=\"button\" tabindex=\"0\">\n\t\t\t\t\t\t<svg aria-hidden=\"true\" class=\"e-font-icon-svg e-eicon-chevron-right\" viewBox=\"0 0 1000 1000\" xmlns=\"http:\/\/www.w3.org\/2000\/svg\"><path d=\"M696 533C708 521 713 504 713 487 713 471 708 454 696 446L400 146C388 133 375 125 354 125 338 125 325 129 313 142 300 154 292 171 292 187 292 204 296 221 308 233L563 492 304 771C292 783 288 800 288 817 288 833 296 850 308 863 321 871 338 875 354 875 371 875 388 867 400 854L696 533Z\"><\/path><\/svg>\t\t\t\t\t<\/div>\n\t\t\t\t\n\t\t\t\t\t\t\t\t\t<div class=\"swiper-pagination\"><\/div>\n\t\t\t\t\t\t\t\t\t<\/div>\n\t\t\t\t\t\t<\/div>\n\t\t\t\t<\/div>\n\t\t\t\t\t<\/div>\n\t\t\t\t<\/div>\n\t\t\t\t<\/div>\n\t\t\t\t<\/div>\n\t\t","protected":false},"excerpt":{"rendered":"<p>Nuestro compromiso es con el medio ambiente y la comunidad. Uno de nuestros principales valores es el compromiso con el medio ambiente. Buscamos reducir nuestra huella de carbono y contribuir a la sustentabilidad del planeta a trav\u00e9s de pr\u00e1cticas y pol\u00edticas que promueven la eficiencia energ\u00e9tica, minimizando el desperdicio de recursos y fomentando el reciclaje:&#8230;<\/p>\n","protected":false},"author":1,"featured_media":0,"parent":0,"menu_order":0,"comment_status":"closed","ping_status":"closed","template":"elementor_header_footer","meta":{"_eb_attr":"","footnotes":""},"class_list":["post-29615","page","type-page","status-publish","hentry"],"_links":{"self":[{"href":"https:\/\/suacero.com\/es\/wp-json\/wp\/v2\/pages\/29615","targetHints":{"allow":["GET"]}}],"collection":[{"href":"https:\/\/suacero.com\/es\/wp-json\/wp\/v2\/pages"}],"about":[{"href":"https:\/\/suacero.com\/es\/wp-json\/wp\/v2\/types\/page"}],"author":[{"embeddable":true,"href":"https:\/\/suacero.com\/es\/wp-json\/wp\/v2\/users\/1"}],"replies":[{"embeddable":true,"href":"https:\/\/suacero.com\/es\/wp-json\/wp\/v2\/comments?post=29615"}],"version-history":[{"count":5,"href":"https:\/\/suacero.com\/es\/wp-json\/wp\/v2\/pages\/29615\/revisions"}],"predecessor-version":[{"id":31502,"href":"https:\/\/suacero.com\/es\/wp-json\/wp\/v2\/pages\/29615\/revisions\/31502"}],"wp:attachment":[{"href":"https:\/\/suacero.com\/es\/wp-json\/wp\/v2\/media?parent=29615"}],"curies":[{"name":"wp","href":"https:\/\/api.w.org\/{rel}","templated":true}]}}